{"id":9279,"date":"2019-02-14T00:06:43","date_gmt":"2019-02-13T23:06:43","guid":{"rendered":"https:\/\/www.bonumsalutem.sk\/rehabilitacie\/?page_id=9279"},"modified":"2023-01-11T09:35:35","modified_gmt":"2023-01-11T08:35:35","slug":"rezervacia-terminu","status":"publish","type":"page","link":"https:\/\/www.bonumsalutem.sk\/rehabilitacie\/rezervacia-terminu\/","title":{"rendered":"Rezerv\u00e1cia term\u00ednu"},"content":{"rendered":"<section class=\"l-section wpb_row height_medium\"><div class=\"l-section-h i-cf\"><div class=\"g-cols vc_row via_flex valign_middle type_default stacking_default\"><div class=\"vc_col-sm-12 wpb_column vc_column_container\"><div class=\"vc_column-inner\"><div class=\"wpb_wrapper\"><div class=\"g-cols wpb_row via_flex valign_middle type_default stacking_default\"><div class=\"vc_col-sm-6 wpb_column vc_column_container\"><div class=\"vc_column-inner\"><div class=\"wpb_wrapper\"><div class=\"wpb_text_column\"><div class=\"wpb_wrapper\"><p style=\"text-align: center;\">Rezerv\u00e1cia term\u00ednu v Bonum Salutem je jednoduch\u00e1! Vyberte si jednu z pon\u00fakan\u00fdch mo\u017enost\u00ed. Rezervujte si term\u00edn sami alebo to jednoducho nechajte na n\u00e1s.<\/p>\n<\/div><\/div><\/div><\/div><\/div><div class=\"vc_col-sm-6 wpb_column vc_column_container\"><div class=\"vc_column-inner\"><div class=\"wpb_wrapper\"><div class=\"wpb_text_column\"><div class=\"wpb_wrapper\"><h5 style=\"text-align: center;\"><strong>ORDINA\u010cN\u00c9 HODINY<\/strong><\/h5>\n<p style=\"text-align: center;\">Pondelok: 7:00 &#8211; 15.00<br \/>\nUtorok: 7:00 &#8211; 15.00 (ambulancia do 18:30)<br \/>\nStreda: 7:00 &#8211; 15.00<br \/>\n\u0160tvrtok: 7:00 &#8211; 15.00 (ambulancia do 17:00)<br \/>\nPiatok: 7:00 &#8211; 15.00<\/p>\n<\/div><\/div><\/div><\/div><\/div><\/div><div class=\"w-separator size_small\"><\/div><div class=\"g-cols wpb_row via_flex valign_top type_default stacking_default\"><div class=\"vc_col-sm-12 wpb_column vc_column_container\"><div class=\"vc_column-inner\"><div class=\"wpb_wrapper\"><div class=\"w-actionbox color_light controls_right\"><div class=\"w-actionbox-text\"><h2 class=\"w-actionbox-title\" style=\"font-size:36px\">Telefonick\u00e1 rezerv\u00e1cia<\/h2><div class=\"w-actionbox-description\"><p>Zatelefonujte n\u00e1m, radi v\u00e1m porad\u00edme a objedn\u00e1vku vytvor\u00edme za v\u00e1s. Objednajte sa bez starost\u00ed s okam\u017eit\u00fdm potvrden\u00edm term\u00ednu.<\/p>\n<p><i>Telef\u00f3nne \u010d\u00edslo: <a href=\"tel:+421911796487\">+421 911 796 487<\/a><\/i><\/p>\n<\/div><\/div><div class=\"w-actionbox-controls\"><a class=\"w-btn us-btn-style_1\" href=\"tel:+421911796487\" style=\"font-size:16px;\"><span class=\"w-btn-label\">CHCEM ZATELEFONOVA\u0164<\/span><\/a><\/div><\/div><\/div><\/div><\/div><\/div><div class=\"w-separator size_small\"><\/div><\/div><\/div><\/div><\/div><\/div><\/section>\n","protected":false},"excerpt":{"rendered":"Rezerv\u00e1cia term\u00ednu v Bonum Salutem je jednoduch\u00e1! Vyberte si jednu z pon\u00fakan\u00fdch mo\u017enost\u00ed. Rezervujte si term\u00edn sami alebo to jednoducho nechajte na n\u00e1s. ORDINA\u010cN\u00c9 HODINY Pondelok: 7:00 &#8211; 15.00 Utorok: 7:00 &#8211; 15.00 (ambulancia do 18:30) Streda: 7:00 &#8211; 15.00 \u0160tvrtok: 7:00 &#8211; 15.00 (ambulancia do 17:00) Piatok: 7:00 &#8211; 15.00 Telefonick\u00e1 rezerv\u00e1ciaZatelefonujte n\u00e1m, radi...","protected":false},"author":1,"featured_media":0,"parent":0,"menu_order":0,"comment_status":"closed","ping_status":"closed","template":"","meta":{"_acf_changed":false,"footnotes":""},"class_list":["post-9279","page","type-page","status-publish","hentry"],"acf":[],"yoast_head":"<!-- This site is optimized with the Yoast SEO plugin v26.8 - https:\/\/yoast.com\/product\/yoast-seo-wordpress\/ -->\n<title>Rezerv\u00e1cia term\u00ednu - BonumSalutem - rehabilit\u00e1cie<\/title>\n<meta name=\"robots\" content=\"index, follow, max-snippet:-1, max-image-preview:large, max-video-preview:-1\" \/>\n<link rel=\"canonical\" href=\"https:\/\/www.bonumsalutem.sk\/rehabilitacie\/rezervacia-terminu\/\" \/>\n<meta property=\"og:locale\" content=\"sk_SK\" \/>\n<meta property=\"og:type\" content=\"article\" \/>\n<meta property=\"og:title\" content=\"Rezerv\u00e1cia term\u00ednu - BonumSalutem - rehabilit\u00e1cie\" \/>\n<meta property=\"og:url\" content=\"https:\/\/www.bonumsalutem.sk\/rehabilitacie\/rezervacia-terminu\/\" \/>\n<meta property=\"og:site_name\" content=\"BonumSalutem - rehabilit\u00e1cie\" \/>\n<meta property=\"article:modified_time\" content=\"2023-01-11T08:35:35+00:00\" \/>\n<meta name=\"twitter:card\" content=\"summary_large_image\" \/>\n<meta name=\"twitter:label1\" content=\"Predpokladan\u00fd \u010das \u010d\u00edtania\" \/>\n\t<meta name=\"twitter:data1\" content=\"1 min\u00fata\" \/>\n<script type=\"application\/ld+json\" class=\"yoast-schema-graph\">{\"@context\":\"https:\/\/schema.org\",\"@graph\":[{\"@type\":\"WebPage\",\"@id\":\"https:\/\/www.bonumsalutem.sk\/rehabilitacie\/rezervacia-terminu\/\",\"url\":\"https:\/\/www.bonumsalutem.sk\/rehabilitacie\/rezervacia-terminu\/\",\"name\":\"Rezerv\u00e1cia term\u00ednu - BonumSalutem - rehabilit\u00e1cie\",\"isPartOf\":{\"@id\":\"https:\/\/www.bonumsalutem.sk\/rehabilitacie\/#website\"},\"datePublished\":\"2019-02-13T23:06:43+00:00\",\"dateModified\":\"2023-01-11T08:35:35+00:00\",\"breadcrumb\":{\"@id\":\"https:\/\/www.bonumsalutem.sk\/rehabilitacie\/rezervacia-terminu\/#breadcrumb\"},\"inLanguage\":\"sk-SK\",\"potentialAction\":[{\"@type\":\"ReadAction\",\"target\":[\"https:\/\/www.bonumsalutem.sk\/rehabilitacie\/rezervacia-terminu\/\"]}]},{\"@type\":\"BreadcrumbList\",\"@id\":\"https:\/\/www.bonumsalutem.sk\/rehabilitacie\/rezervacia-terminu\/#breadcrumb\",\"itemListElement\":[{\"@type\":\"ListItem\",\"position\":1,\"name\":\"Domovsk\u00e1 str\u00e1nka\",\"item\":\"https:\/\/www.bonumsalutem.sk\/rehabilitacie\/\"},{\"@type\":\"ListItem\",\"position\":2,\"name\":\"Rezerv\u00e1cia term\u00ednu\"}]},{\"@type\":\"WebSite\",\"@id\":\"https:\/\/www.bonumsalutem.sk\/rehabilitacie\/#website\",\"url\":\"https:\/\/www.bonumsalutem.sk\/rehabilitacie\/\",\"name\":\"BonumSalutem - rehabilit\u00e1cie\",\"description\":\"Rob\u00edme veci tak, aby \u013eudia po stretnut\u00ed s nami mali lep\u0161\u00ed \u017eivot\",\"potentialAction\":[{\"@type\":\"SearchAction\",\"target\":{\"@type\":\"EntryPoint\",\"urlTemplate\":\"https:\/\/www.bonumsalutem.sk\/rehabilitacie\/?s={search_term_string}\"},\"query-input\":{\"@type\":\"PropertyValueSpecification\",\"valueRequired\":true,\"valueName\":\"search_term_string\"}}],\"inLanguage\":\"sk-SK\"}]}<\/script>\n<!-- \/ Yoast SEO plugin. -->","yoast_head_json":{"title":"Rezerv\u00e1cia term\u00ednu - BonumSalutem - rehabilit\u00e1cie","robots":{"index":"index","follow":"follow","max-snippet":"max-snippet:-1","max-image-preview":"max-image-preview:large","max-video-preview":"max-video-preview:-1"},"canonical":"https:\/\/www.bonumsalutem.sk\/rehabilitacie\/rezervacia-terminu\/","og_locale":"sk_SK","og_type":"article","og_title":"Rezerv\u00e1cia term\u00ednu - BonumSalutem - rehabilit\u00e1cie","og_url":"https:\/\/www.bonumsalutem.sk\/rehabilitacie\/rezervacia-terminu\/","og_site_name":"BonumSalutem - rehabilit\u00e1cie","article_modified_time":"2023-01-11T08:35:35+00:00","twitter_card":"summary_large_image","twitter_misc":{"Predpokladan\u00fd \u010das \u010d\u00edtania":"1 min\u00fata"},"schema":{"@context":"https:\/\/schema.org","@graph":[{"@type":"WebPage","@id":"https:\/\/www.bonumsalutem.sk\/rehabilitacie\/rezervacia-terminu\/","url":"https:\/\/www.bonumsalutem.sk\/rehabilitacie\/rezervacia-terminu\/","name":"Rezerv\u00e1cia term\u00ednu - BonumSalutem - rehabilit\u00e1cie","isPartOf":{"@id":"https:\/\/www.bonumsalutem.sk\/rehabilitacie\/#website"},"datePublished":"2019-02-13T23:06:43+00:00","dateModified":"2023-01-11T08:35:35+00:00","breadcrumb":{"@id":"https:\/\/www.bonumsalutem.sk\/rehabilitacie\/rezervacia-terminu\/#breadcrumb"},"inLanguage":"sk-SK","potentialAction":[{"@type":"ReadAction","target":["https:\/\/www.bonumsalutem.sk\/rehabilitacie\/rezervacia-terminu\/"]}]},{"@type":"BreadcrumbList","@id":"https:\/\/www.bonumsalutem.sk\/rehabilitacie\/rezervacia-terminu\/#breadcrumb","itemListElement":[{"@type":"ListItem","position":1,"name":"Domovsk\u00e1 str\u00e1nka","item":"https:\/\/www.bonumsalutem.sk\/rehabilitacie\/"},{"@type":"ListItem","position":2,"name":"Rezerv\u00e1cia term\u00ednu"}]},{"@type":"WebSite","@id":"https:\/\/www.bonumsalutem.sk\/rehabilitacie\/#website","url":"https:\/\/www.bonumsalutem.sk\/rehabilitacie\/","name":"BonumSalutem - rehabilit\u00e1cie","description":"Rob\u00edme veci tak, aby \u013eudia po stretnut\u00ed s nami mali lep\u0161\u00ed \u017eivot","potentialAction":[{"@type":"SearchAction","target":{"@type":"EntryPoint","urlTemplate":"https:\/\/www.bonumsalutem.sk\/rehabilitacie\/?s={search_term_string}"},"query-input":{"@type":"PropertyValueSpecification","valueRequired":true,"valueName":"search_term_string"}}],"inLanguage":"sk-SK"}]}},"_links":{"self":[{"href":"https:\/\/www.bonumsalutem.sk\/rehabilitacie\/wp-json\/wp\/v2\/pages\/9279","targetHints":{"allow":["GET"]}}],"collection":[{"href":"https:\/\/www.bonumsalutem.sk\/rehabilitacie\/wp-json\/wp\/v2\/pages"}],"about":[{"href":"https:\/\/www.bonumsalutem.sk\/rehabilitacie\/wp-json\/wp\/v2\/types\/page"}],"author":[{"embeddable":true,"href":"https:\/\/www.bonumsalutem.sk\/rehabilitacie\/wp-json\/wp\/v2\/users\/1"}],"replies":[{"embeddable":true,"href":"https:\/\/www.bonumsalutem.sk\/rehabilitacie\/wp-json\/wp\/v2\/comments?post=9279"}],"version-history":[{"count":6,"href":"https:\/\/www.bonumsalutem.sk\/rehabilitacie\/wp-json\/wp\/v2\/pages\/9279\/revisions"}],"predecessor-version":[{"id":12407,"href":"https:\/\/www.bonumsalutem.sk\/rehabilitacie\/wp-json\/wp\/v2\/pages\/9279\/revisions\/12407"}],"wp:attachment":[{"href":"https:\/\/www.bonumsalutem.sk\/rehabilitacie\/wp-json\/wp\/v2\/media?parent=9279"}],"curies":[{"name":"wp","href":"https:\/\/api.w.org\/{rel}","templated":true}]}}