{"id":8369,"date":"2018-10-10T08:09:05","date_gmt":"2018-10-10T06:09:05","guid":{"rendered":"https:\/\/www.bonumsalutem.sk\/rehabilitacie\/?page_id=8369"},"modified":"2026-02-12T14:27:32","modified_gmt":"2026-02-12T13:27:32","slug":"laseroterapia","status":"publish","type":"page","link":"https:\/\/www.bonumsalutem.sk\/rehabilitacie\/laseroterapia\/","title":{"rendered":"Laseroterapia"},"content":{"rendered":"<section class=\"l-section wpb_row us_custom_a106749e height_medium full_height valign_center with_img parallax_ver\" id=\"co-je-laser-terapia\"><div class=\"l-section-img lazyload\" role=\"img\" data-img-width=\"1920\" data-img-height=\"1275\" style=\"background-image:inherit;background-repeat: no-repeat;\" data-bg-image=\"url(https:\/\/www.bonumsalutem.sk\/rehabilitacie\/wp-content\/uploads\/sites\/2\/2018\/02\/22.jpg)\"><\/div><div class=\"l-section-h i-cf\"><div class=\"g-cols vc_row via_flex valign_middle type_default stacking_default\"><div class=\"vc_col-sm-6 wpb_column vc_column_container\"><div class=\"vc_column-inner\"><div class=\"wpb_wrapper\"><div class=\"w-separator size_custom\" style=\"height:32px\"><\/div><\/div><\/div><\/div><div class=\"vc_col-sm-6 wpb_column vc_column_container\"><div class=\"vc_column-inner\"><div class=\"wpb_wrapper\">[vc_custom_heading text=&#8220;<b>LASEROTERAPIA<\/b>&#8220; font_container=&#8220;tag:h1|font_size:38px|text_align:right|line_height:1&#8243; use_theme_fonts=&#8220;yes&#8220; css=&#8220;%7B%22default%22%3A%7B%22font-size%22%3A%2238px%22%2C%22line-height%22%3A%221%22%7D%7D&#8220;]<div class=\"wpb_text_column\"><div class=\"wpb_wrapper\"><div class=\"wpb_text_column\">\n<div class=\"wpb_wrapper\">\n<h5 style=\"text-align: right;\"><strong>LASEROTERAPIA<\/strong>\u00a0je\u00a0<strong>neinvaz\u00edvna<\/strong>\u00a0a<strong>\u00a0bezbolestn\u00e1<\/strong><br \/>\nmet\u00f3da, ktor\u00e1 sa m\u00f4\u017ee pou\u017e\u00edva\u0165 denne pri lie\u010dbe chorobn\u00fdch stavov (boles\u0165, z\u00e1pal, opuch, rany).<\/h5>\n<h5 style=\"text-align: right;\">Je to \u010das\u0165 svetlolie\u010dby, ktor\u00e1\u00a0<strong>vyu\u017e\u00edva opakovan\u00e9 impulzy <\/strong>\u00fazkeho zv\u00e4zku monochromatick\u00e9ho\u00a0<strong>svetla<\/strong>\u00a0s prienikom aj do hlb\u0161\u00edch \u010dast\u00ed tkan\u00edv. Prienik laserov\u00e9ho l\u00fa\u010da\u00a0<strong>zvy\u0161uje prekrvenie<\/strong>,\u00a0<strong>zlep\u0161uje lymfodren\u00e1\u017e<\/strong>\u00a0a\u00a0<strong>trofiku tkan\u00edv<\/strong>. Zv\u00fd\u0161en\u00edm metabolizmu\u00a0<strong>ovplyv\u0148uje obranyschopnos\u0165<\/strong>,\u00a0<strong>aktivuje bunkov\u00e9 mechanizmy<\/strong> a <strong>ur\u00fdch\u013euje obnovu buniek<\/strong>.<\/h5>\n<\/div>\n<\/div>\n<div class=\"wpb_text_column us_custom_3acea406\">\n<div class=\"wpb_wrapper\">\n<h5 style=\"text-align: right;\"><strong>D\u013a\u017eka aplik\u00e1cie:<\/strong>\u00a01 min\u00fata na oblas\u0165 ve\u013ekosti hracej karty<br \/>\n<strong>D\u013a\u017eka trvania o\u0161etrenia:<\/strong>\u00a04 \u2013 10 min\u00fat<br \/>\n<strong>Celkov\u00fd po\u010det proced\u00far:<\/strong>\u00a05 \u2013 10<br \/>\n<strong>Frekvencia o\u0161etrenia:<\/strong>\u00a0pod\u013ea n\u00e1vrhu vy\u0161etruj\u00faceho lek\u00e1ra<\/h5>\n<\/div>\n<\/div>\n<\/div><\/div><div class=\"g-cols wpb_row via_flex valign_top type_default stacking_default\"><div class=\"vc_col-sm-12 wpb_column vc_column_container\"><div class=\"vc_column-inner\"><div class=\"wpb_wrapper\"><div class=\"w-iconbox iconpos_top style_default color_secondary align_center no_text no_title\"><a href=\"#vyhody-laser-terapie\" class=\"w-iconbox-link\" aria-label=\"fas|angle-down\"><div class=\"w-iconbox-icon\" style=\"font-size:2rem;\"><i class=\"fas fa-angle-down\"><\/i><\/div><\/a><div class=\"w-iconbox-meta\"><\/div><\/div><\/div><\/div><\/div><\/div><\/div><\/div><\/div><\/div><\/div><\/section><section class=\"l-section wpb_row height_small with_img\" id=\"indikacie-a-kontraindikacie\"><div class=\"l-section-img lazyload\" role=\"img\" data-img-width=\"1920\" data-img-height=\"1358\" style=\"background-image:inherit;\" data-bg-image=\"url(https:\/\/www.bonumsalutem.sk\/rehabilitacie\/wp-content\/uploads\/sites\/2\/2018\/02\/banner_footer1.jpg)\"><\/div><div class=\"l-section-h i-cf\"><div class=\"g-cols vc_row via_flex valign_middle type_default stacking_default\"><div class=\"vc_col-sm-12 wpb_column vc_column_container\"><div class=\"vc_column-inner\"><div class=\"wpb_wrapper\"><div class=\"g-cols wpb_row via_flex valign_top type_boxes stacking_default\"><div class=\"vc_col-sm-12 wpb_column vc_column_container\"><div class=\"vc_column-inner\"><div class=\"wpb_wrapper\"><div class=\"wpb_text_column\"><div class=\"wpb_wrapper\"><h2 style=\"text-align: center; line-height: 48px;\"><span style=\"color: #ffffff;\"><strong>INDIK\u00c1CIE<\/strong><\/span><\/h2>\n<\/div><\/div><\/div><\/div><\/div><\/div><\/div><\/div><\/div><\/div><\/div><\/section><section class=\"l-section wpb_row us_custom_a106749e height_large\"><div class=\"l-section-h i-cf\"><div class=\"g-cols vc_row via_flex valign_top type_default stacking_default\"><div class=\"vc_col-sm-6 wpb_column vc_column_container\"><div class=\"vc_column-inner\"><div class=\"wpb_wrapper\"><div class=\"g-cols wpb_row via_flex valign_top type_default stacking_default\"><div class=\"vc_col-sm-12 wpb_column vc_column_container\"><div class=\"vc_column-inner\"><div class=\"wpb_wrapper\"><div class=\"wpb_text_column\"><div class=\"wpb_wrapper\"><ul>\n<li style=\"text-align: left;\">\n<h6><span style=\"color: #93d14e;\">Poopera\u010dn\u00e9 a po\u00farazov\u00e9 stavy<\/span><\/h6>\n<\/li>\n<li style=\"text-align: left;\">\n<h6>\u0160truktur\u00e1lne a funk\u010dn\u00e9 poruchy pohybov\u00e9ho syst\u00e9mu<\/h6>\n<\/li>\n<li style=\"text-align: left;\">\n<h6><span style=\"color: #93d14e;\">Poranenia svalov ( natiahnutie, pre\u0165a\u017eenie a pod.)<\/span><\/h6>\n<\/li>\n<li style=\"text-align: left;\">\n<h6>Poranenie k\u013abov<\/h6>\n<\/li>\n<li style=\"text-align: left;\">\n<h6><span style=\"color: #93d14e;\">Bolesti temporomandibul\u00e1rneho k\u013abu<\/span><\/h6>\n<\/li>\n<li style=\"text-align: left;\">\n<h6>Bolestiv\u00e9 syndr\u00f3my C, Th a LS chrbtice<\/h6>\n<\/li>\n<li style=\"text-align: left;\">\n<h6><span style=\"color: #93d14e;\">Bolesti ramena, pleca, lak\u0165a, z\u00e1p\u00e4stia, bedra, kolena, \u010dlenkov, p\u00e4ty, prstov..)<\/span><\/h6>\n<\/li>\n<li style=\"text-align: left;\">\n<h6>Epikondylit\u00edda,tendinit\u00eddy,myozit\u00eddy<\/h6>\n<\/li>\n<li>\n<h6><span style=\"color: #93d14e;\">Syndr\u00f3m karp\u00e1lneho tunela<\/span><\/h6>\n<\/li>\n<\/ul>\n<\/div><\/div><\/div><\/div><\/div><\/div><\/div><\/div><\/div><div class=\"vc_col-sm-6 wpb_column vc_column_container\"><div class=\"vc_column-inner\"><div class=\"wpb_wrapper\"><div class=\"g-cols wpb_row via_flex valign_top type_default stacking_default\"><div class=\"vc_col-sm-12 wpb_column vc_column_container\"><div class=\"vc_column-inner\"><div class=\"wpb_wrapper\"><div class=\"wpb_text_column\"><div class=\"wpb_wrapper\"><ul>\n<li>\n<h6>Bolesti a zranenia v oblasti Achilovej \u0161\u013eachy<\/h6>\n<\/li>\n<li style=\"text-align: left;\">\n<h6><span style=\"color: #93d14e;\">Myofasci\u00e1lne trigger points<\/span><\/h6>\n<\/li>\n<li style=\"text-align: left;\">\n<h6>\u0160portov\u00e9 zranenia a v\u00fdrony<\/h6>\n<\/li>\n<li style=\"text-align: left;\">\n<h6><span style=\"color: #93d14e;\">Perif\u00e9rne par\u00e9zy<\/span><\/h6>\n<\/li>\n<li style=\"text-align: left;\">\n<h6>Fybromyalgie<\/h6>\n<\/li>\n<li style=\"text-align: left;\">\n<h6><span style=\"color: #93d14e;\">Artritick\u00e1 boles\u0165<\/span><\/h6>\n<\/li>\n<li style=\"text-align: left;\">\n<h6>Neuralgie a neurit\u00eddy<\/h6>\n<\/li>\n<li style=\"text-align: left;\">\n<h6><span style=\"color: #93d14e;\">Zlomeniny<\/span><\/h6>\n<\/li>\n<li style=\"text-align: left;\">\n<h6>Jazvy \u2013 keloidn\u00e9, ale i m\u00e1lo pevn\u00e9<\/h6>\n<\/li>\n<li style=\"text-align: left;\">\n<h6><span style=\"color: #93d14e;\">Vredy a dekubity<\/span><\/h6>\n<\/li>\n<\/ul>\n<\/div><\/div><\/div><\/div><\/div><\/div><\/div><\/div><\/div><\/div><\/div><\/section><section class=\"l-section wpb_row hide_on_default hide_on_laptops hide_on_tablets hide_on_mobiles height_large with_img\"><div class=\"l-section-img lazyload\" role=\"img\" data-img-width=\"1920\" data-img-height=\"1358\" style=\"background-image:inherit;\" data-bg-image=\"url(https:\/\/www.bonumsalutem.sk\/rehabilitacie\/wp-content\/uploads\/sites\/2\/2018\/02\/banner_footer2.jpg)\"><\/div><div class=\"l-section-h i-cf\"><div class=\"g-cols vc_row via_flex valign_middle type_default stacking_default\"><div class=\"vc_col-sm-12 wpb_column vc_column_container\"><div class=\"vc_column-inner\"><div class=\"wpb_wrapper\"><div class=\"wpb_text_column\"><div class=\"wpb_wrapper\"><h2 style=\"text-align: center; line-height: 48px;\"><span style=\"color: #ffffff;\"><strong>KONTRAINDIK\u00c1CIE<\/strong><\/span><\/h2>\n<\/div><\/div><\/div><\/div><\/div><\/div><\/div><\/section><section class=\"l-section wpb_row us_custom_a106749e hide_on_default hide_on_laptops hide_on_tablets hide_on_mobiles height_large\"><div class=\"l-section-h i-cf\"><div class=\"g-cols vc_row via_flex valign_top type_default stacking_default\"><div class=\"vc_col-sm-6 wpb_column vc_column_container\"><div class=\"vc_column-inner\"><div class=\"wpb_wrapper\"><div class=\"g-cols wpb_row via_flex valign_top type_default stacking_default\"><div class=\"vc_col-sm-12 wpb_column vc_column_container\"><div class=\"vc_column-inner\"><div class=\"wpb_wrapper\"><div class=\"wpb_text_column\"><div class=\"wpb_wrapper\"><ul>\n<li>\n<h6><span style=\"color: #f1de60;\">Akt\u00edvne krv\u00e1canie<\/span><\/h6>\n<\/li>\n<li>\n<h6>Aplik\u00e1cia na oblas\u0165 o\u010d\u00ed<\/h6>\n<\/li>\n<li>\n<h6><span style=\"color: #f1de60;\">Aplik\u00e1cia na oblas\u0165 \u0161t\u00edtnej \u017elazy, vaje\u010dn\u00edkov, a semenn\u00edkov<\/span><\/h6>\n<\/li>\n<li>\n<h6>Aplik\u00e1cia na oblas\u0165 brucha<\/h6>\n<\/li>\n<li>\n<h6><span style=\"color: #f1de60;\">Aplik\u00e1cia u det\u00ed<\/span><\/h6>\n<\/li>\n<\/ul>\n<\/div><\/div><\/div><\/div><\/div><\/div><\/div><\/div><\/div><div class=\"vc_col-sm-6 wpb_column vc_column_container\"><div class=\"vc_column-inner\"><div class=\"wpb_wrapper\"><div class=\"g-cols wpb_row via_flex valign_top type_default stacking_default\"><div class=\"vc_col-sm-12 wpb_column vc_column_container\"><div class=\"vc_column-inner\"><div class=\"wpb_wrapper\"><div class=\"wpb_text_column\"><div class=\"wpb_wrapper\"><ul>\n<li>\n<h6>Pacienti u\u017e\u00edvaj\u00faci steroidy a drogy<\/h6>\n<\/li>\n<li>\n<h6><span style=\"color: #f1de60;\">Epilepsia<\/span><\/h6>\n<\/li>\n<li>\n<h6>Onkologick\u00e9 ochorenia<\/h6>\n<\/li>\n<li>\n<h6><span style=\"color: #f1de60;\">Tehotenstvo<\/span><\/h6>\n<\/li>\n<li>\n<h6>Srdcov\u00e9 probl\u00e9my<\/h6>\n<\/li>\n<\/ul>\n<\/div><\/div><\/div><\/div><\/div><\/div><\/div><\/div><\/div><\/div><\/div><\/section><section class=\"l-section wpb_row height_medium full_height valign_center with_img parallax_ver\" id=\"vyhody-laser-terapie\"><div class=\"l-section-img lazyload\" role=\"img\" data-img-width=\"1920\" data-img-height=\"1280\" style=\"background-image:inherit;background-repeat: no-repeat;\" data-bg-image=\"url(https:\/\/www.bonumsalutem.sk\/rehabilitacie\/wp-content\/uploads\/sites\/2\/2018\/02\/2.jpg)\"><\/div><div class=\"l-section-h i-cf\"><div class=\"g-cols vc_row via_flex valign_middle type_default stacking_default\"><div class=\"vc_col-sm-6 wpb_column vc_column_container\"><div class=\"vc_column-inner\"><div class=\"wpb_wrapper\">[vc_custom_heading text=&#8220;<b>LASEROM<\/b> SA LIE\u010cI:&#8220; font_container=&#8220;tag:h3|font_size:38px|text_align:left|line_height:1&#8243; use_theme_fonts=&#8220;yes&#8220; css=&#8220;%7B%22default%22%3A%7B%22font-size%22%3A%2238px%22%2C%22line-height%22%3A%221%22%7D%7D&#8220;][vc_custom_heading text=&#8220;BEZ LIEKOV.<br \/>\nBEZ CHIRURGICK\u00ddCH Z\u00c1KROKOV.<br \/>\n<b>BEZ BOLESTI.<\/b>&#8220; font_container=&#8220;tag:h3|font_size:28px|text_align:left|line_height:1&#8243; use_theme_fonts=&#8220;yes&#8220; css=&#8220;%7B%22default%22%3A%7B%22font-size%22%3A%2228px%22%2C%22line-height%22%3A%221%22%7D%7D&#8220;]<div class=\"wpb_text_column\"><div class=\"wpb_wrapper\"><h5>\u017diaden diskomfort pri aplik\u00e1cii<br \/>\n\u017diadne ved\u013eaj\u0161ie ne\u017eiad\u00face \u00fa\u010dinky<br \/>\nR\u00fdchly n\u00e1vrat do akt\u00edvneho \u017eivota<br \/>\nNeinvaz\u00edvna lie\u010dba s dlhotrvaj\u00facim efektom<br \/>\nRedukcia bolesti<\/h5>\n<h5>Zv\u00e4\u010d\u0161enie rozsahu pohybu<br \/>\nMo\u017enos\u0165 aplik\u00e1cie na oblas\u0165 s osteosyntetick\u00fdm materi\u00e1lom<\/h5>\n<\/div><\/div><div class=\"g-cols wpb_row via_flex valign_top type_default stacking_default\"><div class=\"vc_col-sm-12 wpb_column vc_column_container\"><div class=\"vc_column-inner\"><div class=\"wpb_wrapper\"><div class=\"w-iconbox iconpos_top style_default color_secondary align_center no_text no_title\"><a href=\"#page-footer\" class=\"w-iconbox-link\" aria-label=\"fas|angle-down\"><div class=\"w-iconbox-icon\" style=\"font-size:2rem;\"><i class=\"fas fa-angle-down\"><\/i><\/div><\/a><div class=\"w-iconbox-meta\"><\/div><\/div><\/div><\/div><\/div><\/div><\/div><\/div><\/div><div class=\"vc_col-sm-6 wpb_column vc_column_container\"><div class=\"vc_column-inner\"><div class=\"wpb_wrapper\"><div class=\"g-cols wpb_row via_flex valign_middle type_default stacking_default\"><div class=\"vc_col-sm-12 wpb_column vc_column_container\"><div class=\"vc_column-inner\"><div class=\"wpb_wrapper\"><div class=\"w-separator size_custom\" style=\"height:32px\"><\/div><\/div><\/div><\/div><\/div><\/div><\/div><\/div><\/div><\/div><\/section>\n","protected":false},"excerpt":{"rendered":"[vc_custom_heading text=\"LASEROTERAPIA\" font_container=\"tag:h1|font_size:38px|text_align:right|line_height:1\" use_theme_fonts=\"yes\" css=\"%7B%22default%22%3A%7B%22font-size%22%3A%2238px%22%2C%22line-height%22%3A%221%22%7D%7D\"] LASEROTERAPIA\u00a0je\u00a0neinvaz\u00edvna\u00a0a\u00a0bezbolestn\u00e1 met\u00f3da, ktor\u00e1 sa m\u00f4\u017ee pou\u017e\u00edva\u0165 denne pri lie\u010dbe chorobn\u00fdch stavov (boles\u0165, z\u00e1pal, opuch, rany). Je to \u010das\u0165 svetlolie\u010dby, ktor\u00e1\u00a0vyu\u017e\u00edva opakovan\u00e9 impulzy \u00fazkeho zv\u00e4zku monochromatick\u00e9ho\u00a0svetla\u00a0s prienikom aj do hlb\u0161\u00edch \u010dast\u00ed tkan\u00edv. Prienik laserov\u00e9ho l\u00fa\u010da\u00a0zvy\u0161uje prekrvenie,\u00a0zlep\u0161uje lymfodren\u00e1\u017e\u00a0a\u00a0trofiku tkan\u00edv. Zv\u00fd\u0161en\u00edm metabolizmu\u00a0ovplyv\u0148uje obranyschopnos\u0165,\u00a0aktivuje bunkov\u00e9 mechanizmy a ur\u00fdch\u013euje obnovu buniek. D\u013a\u017eka aplik\u00e1cie:\u00a01 min\u00fata na...","protected":false},"author":1,"featured_media":0,"parent":0,"menu_order":0,"comment_status":"closed","ping_status":"closed","template":"","meta":{"_acf_changed":false,"footnotes":""},"class_list":["post-8369","page","type-page","status-publish","hentry"],"acf":[],"yoast_head":"<!-- This site is optimized with the Yoast SEO plugin v26.8 - https:\/\/yoast.com\/product\/yoast-seo-wordpress\/ -->\n<title>Laseroterapia - bezbolestn\u00e1 lie\u010dba svetlom - Bonum Salutem<\/title>\n<meta name=\"description\" content=\"Laseroterapia v rehabilita\u010dnom centre Bonum Salutem - vysk\u00fa\u0161ajte bezbolestn\u00fa lie\u010dbu svetlom sl\u00fa\u017eiacu proti bolesti, z\u00e1palom, opuchom, ran\u00e1m.\" \/>\n<meta name=\"robots\" content=\"index, follow, max-snippet:-1, max-image-preview:large, max-video-preview:-1\" \/>\n<link rel=\"canonical\" href=\"https:\/\/www.bonumsalutem.sk\/rehabilitacie\/laseroterapia\/\" \/>\n<meta property=\"og:locale\" content=\"sk_SK\" \/>\n<meta property=\"og:type\" content=\"article\" \/>\n<meta property=\"og:title\" content=\"Laseroterapia - bezbolestn\u00e1 lie\u010dba svetlom - Bonum Salutem\" \/>\n<meta property=\"og:description\" content=\"Laseroterapia v rehabilita\u010dnom centre Bonum Salutem - vysk\u00fa\u0161ajte bezbolestn\u00fa lie\u010dbu svetlom sl\u00fa\u017eiacu proti bolesti, z\u00e1palom, opuchom, ran\u00e1m.\" \/>\n<meta property=\"og:url\" content=\"https:\/\/www.bonumsalutem.sk\/rehabilitacie\/laseroterapia\/\" \/>\n<meta property=\"og:site_name\" content=\"BonumSalutem - rehabilit\u00e1cie\" \/>\n<meta property=\"article:modified_time\" content=\"2026-02-12T13:27:32+00:00\" \/>\n<meta name=\"twitter:card\" content=\"summary_large_image\" \/>\n<meta name=\"twitter:title\" content=\"Laseroterapia - bezbolestn\u00e1 lie\u010dba svetlom - Bonum Salutem\" \/>\n<meta name=\"twitter:description\" content=\"Laseroterapia v rehabilita\u010dnom centre Bonum Salutem - vysk\u00fa\u0161ajte bezbolestn\u00fa lie\u010dbu svetlom sl\u00fa\u017eiacu proti bolesti, z\u00e1palom, opuchom, ran\u00e1m.\" \/>\n<meta name=\"twitter:label1\" content=\"Predpokladan\u00fd \u010das \u010d\u00edtania\" \/>\n\t<meta name=\"twitter:data1\" content=\"4 min\u00faty\" \/>\n<script type=\"application\/ld+json\" class=\"yoast-schema-graph\">{\"@context\":\"https:\/\/schema.org\",\"@graph\":[{\"@type\":\"WebPage\",\"@id\":\"https:\/\/www.bonumsalutem.sk\/rehabilitacie\/laseroterapia\/\",\"url\":\"https:\/\/www.bonumsalutem.sk\/rehabilitacie\/laseroterapia\/\",\"name\":\"Laseroterapia - bezbolestn\u00e1 lie\u010dba svetlom - Bonum Salutem\",\"isPartOf\":{\"@id\":\"https:\/\/www.bonumsalutem.sk\/rehabilitacie\/#website\"},\"datePublished\":\"2018-10-10T06:09:05+00:00\",\"dateModified\":\"2026-02-12T13:27:32+00:00\",\"description\":\"Laseroterapia v rehabilita\u010dnom centre Bonum Salutem - vysk\u00fa\u0161ajte bezbolestn\u00fa lie\u010dbu svetlom sl\u00fa\u017eiacu proti bolesti, z\u00e1palom, opuchom, ran\u00e1m.\",\"breadcrumb\":{\"@id\":\"https:\/\/www.bonumsalutem.sk\/rehabilitacie\/laseroterapia\/#breadcrumb\"},\"inLanguage\":\"sk-SK\",\"potentialAction\":[{\"@type\":\"ReadAction\",\"target\":[\"https:\/\/www.bonumsalutem.sk\/rehabilitacie\/laseroterapia\/\"]}]},{\"@type\":\"BreadcrumbList\",\"@id\":\"https:\/\/www.bonumsalutem.sk\/rehabilitacie\/laseroterapia\/#breadcrumb\",\"itemListElement\":[{\"@type\":\"ListItem\",\"position\":1,\"name\":\"Domovsk\u00e1 str\u00e1nka\",\"item\":\"https:\/\/www.bonumsalutem.sk\/rehabilitacie\/\"},{\"@type\":\"ListItem\",\"position\":2,\"name\":\"Laseroterapia\"}]},{\"@type\":\"WebSite\",\"@id\":\"https:\/\/www.bonumsalutem.sk\/rehabilitacie\/#website\",\"url\":\"https:\/\/www.bonumsalutem.sk\/rehabilitacie\/\",\"name\":\"BonumSalutem - rehabilit\u00e1cie\",\"description\":\"Rob\u00edme veci tak, aby \u013eudia po stretnut\u00ed s nami mali lep\u0161\u00ed \u017eivot\",\"potentialAction\":[{\"@type\":\"SearchAction\",\"target\":{\"@type\":\"EntryPoint\",\"urlTemplate\":\"https:\/\/www.bonumsalutem.sk\/rehabilitacie\/?s={search_term_string}\"},\"query-input\":{\"@type\":\"PropertyValueSpecification\",\"valueRequired\":true,\"valueName\":\"search_term_string\"}}],\"inLanguage\":\"sk-SK\"}]}<\/script>\n<!-- \/ Yoast SEO plugin. -->","yoast_head_json":{"title":"Laseroterapia - bezbolestn\u00e1 lie\u010dba svetlom - Bonum Salutem","description":"Laseroterapia v rehabilita\u010dnom centre Bonum Salutem - vysk\u00fa\u0161ajte bezbolestn\u00fa lie\u010dbu svetlom sl\u00fa\u017eiacu proti bolesti, z\u00e1palom, opuchom, ran\u00e1m.","robots":{"index":"index","follow":"follow","max-snippet":"max-snippet:-1","max-image-preview":"max-image-preview:large","max-video-preview":"max-video-preview:-1"},"canonical":"https:\/\/www.bonumsalutem.sk\/rehabilitacie\/laseroterapia\/","og_locale":"sk_SK","og_type":"article","og_title":"Laseroterapia - bezbolestn\u00e1 lie\u010dba svetlom - Bonum Salutem","og_description":"Laseroterapia v rehabilita\u010dnom centre Bonum Salutem - vysk\u00fa\u0161ajte bezbolestn\u00fa lie\u010dbu svetlom sl\u00fa\u017eiacu proti bolesti, z\u00e1palom, opuchom, ran\u00e1m.","og_url":"https:\/\/www.bonumsalutem.sk\/rehabilitacie\/laseroterapia\/","og_site_name":"BonumSalutem - rehabilit\u00e1cie","article_modified_time":"2026-02-12T13:27:32+00:00","twitter_card":"summary_large_image","twitter_title":"Laseroterapia - bezbolestn\u00e1 lie\u010dba svetlom - Bonum Salutem","twitter_description":"Laseroterapia v rehabilita\u010dnom centre Bonum Salutem - vysk\u00fa\u0161ajte bezbolestn\u00fa lie\u010dbu svetlom sl\u00fa\u017eiacu proti bolesti, z\u00e1palom, opuchom, ran\u00e1m.","twitter_misc":{"Predpokladan\u00fd \u010das \u010d\u00edtania":"4 min\u00faty"},"schema":{"@context":"https:\/\/schema.org","@graph":[{"@type":"WebPage","@id":"https:\/\/www.bonumsalutem.sk\/rehabilitacie\/laseroterapia\/","url":"https:\/\/www.bonumsalutem.sk\/rehabilitacie\/laseroterapia\/","name":"Laseroterapia - bezbolestn\u00e1 lie\u010dba svetlom - Bonum Salutem","isPartOf":{"@id":"https:\/\/www.bonumsalutem.sk\/rehabilitacie\/#website"},"datePublished":"2018-10-10T06:09:05+00:00","dateModified":"2026-02-12T13:27:32+00:00","description":"Laseroterapia v rehabilita\u010dnom centre Bonum Salutem - vysk\u00fa\u0161ajte bezbolestn\u00fa lie\u010dbu svetlom sl\u00fa\u017eiacu proti bolesti, z\u00e1palom, opuchom, ran\u00e1m.","breadcrumb":{"@id":"https:\/\/www.bonumsalutem.sk\/rehabilitacie\/laseroterapia\/#breadcrumb"},"inLanguage":"sk-SK","potentialAction":[{"@type":"ReadAction","target":["https:\/\/www.bonumsalutem.sk\/rehabilitacie\/laseroterapia\/"]}]},{"@type":"BreadcrumbList","@id":"https:\/\/www.bonumsalutem.sk\/rehabilitacie\/laseroterapia\/#breadcrumb","itemListElement":[{"@type":"ListItem","position":1,"name":"Domovsk\u00e1 str\u00e1nka","item":"https:\/\/www.bonumsalutem.sk\/rehabilitacie\/"},{"@type":"ListItem","position":2,"name":"Laseroterapia"}]},{"@type":"WebSite","@id":"https:\/\/www.bonumsalutem.sk\/rehabilitacie\/#website","url":"https:\/\/www.bonumsalutem.sk\/rehabilitacie\/","name":"BonumSalutem - rehabilit\u00e1cie","description":"Rob\u00edme veci tak, aby \u013eudia po stretnut\u00ed s nami mali lep\u0161\u00ed \u017eivot","potentialAction":[{"@type":"SearchAction","target":{"@type":"EntryPoint","urlTemplate":"https:\/\/www.bonumsalutem.sk\/rehabilitacie\/?s={search_term_string}"},"query-input":{"@type":"PropertyValueSpecification","valueRequired":true,"valueName":"search_term_string"}}],"inLanguage":"sk-SK"}]}},"_links":{"self":[{"href":"https:\/\/www.bonumsalutem.sk\/rehabilitacie\/wp-json\/wp\/v2\/pages\/8369","targetHints":{"allow":["GET"]}}],"collection":[{"href":"https:\/\/www.bonumsalutem.sk\/rehabilitacie\/wp-json\/wp\/v2\/pages"}],"about":[{"href":"https:\/\/www.bonumsalutem.sk\/rehabilitacie\/wp-json\/wp\/v2\/types\/page"}],"author":[{"embeddable":true,"href":"https:\/\/www.bonumsalutem.sk\/rehabilitacie\/wp-json\/wp\/v2\/users\/1"}],"replies":[{"embeddable":true,"href":"https:\/\/www.bonumsalutem.sk\/rehabilitacie\/wp-json\/wp\/v2\/comments?post=8369"}],"version-history":[{"count":18,"href":"https:\/\/www.bonumsalutem.sk\/rehabilitacie\/wp-json\/wp\/v2\/pages\/8369\/revisions"}],"predecessor-version":[{"id":12628,"href":"https:\/\/www.bonumsalutem.sk\/rehabilitacie\/wp-json\/wp\/v2\/pages\/8369\/revisions\/12628"}],"wp:attachment":[{"href":"https:\/\/www.bonumsalutem.sk\/rehabilitacie\/wp-json\/wp\/v2\/media?parent=8369"}],"curies":[{"name":"wp","href":"https:\/\/api.w.org\/{rel}","templated":true}]}}