{"id":8255,"date":"2018-09-30T21:55:41","date_gmt":"2018-09-30T19:55:41","guid":{"rendered":"https:\/\/www.bonumsalutem.sk\/rehabilitacie\/?page_id=8255"},"modified":"2020-07-12T14:14:15","modified_gmt":"2020-07-12T12:14:15","slug":"fyzioterapia","status":"publish","type":"page","link":"https:\/\/www.bonumsalutem.sk\/rehabilitacie\/fyzioterapia\/","title":{"rendered":"Fyzioterapia"},"content":{"rendered":"<section class=\"l-section wpb_row height_medium full_height valign_center with_img parallax_ver\" id=\"fyzioterapia\"><div class=\"l-section-img lazyload\" role=\"img\" data-img-width=\"1920\" data-img-height=\"1280\" style=\"background-image:inherit;background-repeat: no-repeat;\" data-bg-image=\"url(https:\/\/www.bonumsalutem.sk\/rehabilitacie\/wp-content\/uploads\/sites\/2\/2018\/10\/fyzioterapia1.jpg)\"><\/div><div class=\"l-section-h i-cf\"><div class=\"g-cols vc_row via_flex valign_top type_default stacking_default\"><div class=\"vc_col-sm-12 wpb_column vc_column_container\"><div class=\"vc_column-inner\"><div class=\"wpb_wrapper\"><div class=\"g-cols wpb_row via_flex valign_top type_default stacking_default\"><div class=\"vc_col-sm-6 wpb_column vc_column_container\"><div class=\"vc_column-inner\"><div class=\"wpb_wrapper\"><div class=\"w-separator size_custom\" style=\"height:1px\"><\/div><\/div><\/div><\/div><div class=\"vc_col-sm-6 wpb_column vc_column_container\"><div class=\"vc_column-inner\"><div class=\"wpb_wrapper\"><div class=\"wpb_text_column\"><div class=\"wpb_wrapper\"><h1 style=\"text-align: right;\">FYZIOTERAPIA RU\u017dOMBEROK<\/h1>\n<\/div><\/div><div class=\"w-separator size_small\"><\/div><div class=\"wpb_text_column\"><div class=\"wpb_wrapper\"><h5 style=\"text-align: right;\">Fyzioterapia sa zaober\u00e1 diagnostikou, lie\u010dbou a\u00a0prevenciou por\u00fach pohybov\u00e9ho syst\u00e9mu. Fyzioterapiu pova\u017eujeme za lie\u010dbu, ktor\u00e1 smeruje k\u00a0obnove, udr\u017eaniu a\u00a0podporeniu maxim\u00e1lnej funk\u010dnej zdatnosti \u013eudsk\u00e9ho organizmu. Fyzioterapia m\u00f4\u017ee by\u0165 pr\u00ednosn\u00e1 aj k\u00a0spomaleniu progresie u\u00a0degenera\u010dn\u00fdch ochoren\u00ed a\u00a0u\u00a0vroden\u00fdch ochoren\u00ed. Ve\u013ekou s\u00fa\u010das\u0165ou fyzioterapie je diagnostika funk\u010dn\u00fdch por\u00fach a\u00a0pohybov\u00e9ho potenci\u00e1lu \u013eudsk\u00e9ho tela, ako aj komplexn\u00e9ho vyhodnotenia fyzioterapeutickej starostlivosti aj v\u00a0r\u00e1mci prevencie na udr\u017eanie prinavr\u00e1ten\u00fdch schopnost\u00ed.<\/h5>\n<\/div><\/div><div class=\"w-separator size_huge\"><\/div><\/div><\/div><\/div><\/div><\/div><\/div><\/div><\/div><\/div><\/section><section class=\"l-section wpb_row height_medium full_height valign_center with_img parallax_ver\"><div class=\"l-section-img lazyload\" role=\"img\" data-img-width=\"1920\" data-img-height=\"1280\" style=\"background-image:inherit;background-repeat: no-repeat;\" data-bg-image=\"url(https:\/\/www.bonumsalutem.sk\/rehabilitacie\/wp-content\/uploads\/sites\/2\/2018\/10\/fyzioterapia2.jpg)\"><\/div><div class=\"l-section-h i-cf\"><div class=\"g-cols vc_row via_flex valign_top type_default stacking_default\"><div class=\"vc_col-sm-12 wpb_column vc_column_container\"><div class=\"vc_column-inner\"><div class=\"wpb_wrapper\"><div class=\"g-cols wpb_row via_flex valign_top type_default stacking_default\"><div class=\"vc_col-sm-6 wpb_column vc_column_container\"><div class=\"vc_column-inner\"><div class=\"wpb_wrapper\"><div class=\"wpb_text_column\"><div class=\"wpb_wrapper\"><h1 style=\"text-align: left;\">HLAVN\u00c9 REHABILITA\u010cN\u00c9 A FYZIK\u00c1LNE METODIKY<\/h1>\n<\/div><\/div><div class=\"w-separator size_small\"><\/div><div class=\"wpb_text_column\"><div class=\"wpb_wrapper\"><ul>\n<li>Kinezioterapeutick\u00e9 met\u00f3dy, medzi ktor\u00e9 zara\u010fujeme m\u00e4kk\u00e9 a\u00a0mobiliza\u010dn\u00e9 techniky, postizometrick\u00e9 relax\u00e1cie, recipro\u010dn\u00e1 inhib\u00edcia, facilita\u010dno \u2013 inhibi\u010dn\u00e9 techniky a\u00a0pod.<\/li>\n<li>Metodiky a\u00a0programy, ktor\u00e9 ovplyv\u0148uj\u00fa riadiace mechanizmy pohybu na v\u0161etk\u00fdch \u00farovniach, ako s\u00fa napr. propriorecept\u00edvna neuromuskul\u00e1rna facilit\u00e1cia, senzomotorick\u00e1 stimul\u00e1cia, koncept man\u017eelov Bobathov\u00fdch, Vojtova metodika, Bruggrov a\u00a0pod.<\/li>\n<li>Prostriedky reflexnej terapie ako reflexn\u00e1 mas\u00e1\u017e, lymfodren\u00e1\u017e a\u00a0trak\u010dn\u00e9 techniky.<\/li>\n<li>Vztlakov\u00e9, tlakov\u00e9 a\u00a0termick\u00e9 sily hydrokinezioterapie.<\/li>\n<li>Fototerapia<\/li>\n<li>Laseroterapia<\/li>\n<li>Elektroterapia a magnetoterapia<\/li>\n<li>\u00da\u010dinky peloidov, klimatick\u00fdch podmienok, pr\u00edrodn\u00fdch lie\u010div\u00fdch v\u00f4d, sol\u00ed a\u00a0plynov.<\/li>\n<li>Ergodiagnostika a\u00a0ergoterapia.<\/li>\n<\/ul>\n<\/div><\/div><div class=\"w-separator size_huge\"><\/div><\/div><\/div><\/div><div class=\"vc_col-sm-6 wpb_column vc_column_container\"><div class=\"vc_column-inner\"><div class=\"wpb_wrapper\"><div class=\"w-separator size_custom\" style=\"height:1px\"><\/div><\/div><\/div><\/div><\/div><\/div><\/div><\/div><\/div><\/div><\/section><section class=\"l-section wpb_row height_medium full_height valign_center with_img parallax_ver\"><div class=\"l-section-img lazyload\" role=\"img\" data-img-width=\"1920\" data-img-height=\"1280\" style=\"background-image:inherit;background-repeat: no-repeat;\" data-bg-image=\"url(https:\/\/www.bonumsalutem.sk\/rehabilitacie\/wp-content\/uploads\/sites\/2\/2018\/10\/fyzioterapia3.jpg)\"><\/div><div class=\"l-section-h i-cf\"><div class=\"g-cols vc_row via_flex valign_top type_default stacking_default\"><div class=\"vc_col-sm-12 wpb_column vc_column_container\"><div class=\"vc_column-inner\"><div class=\"wpb_wrapper\"><div class=\"g-cols wpb_row via_flex valign_top type_default stacking_default\"><div class=\"vc_col-sm-6 wpb_column vc_column_container\"><div class=\"vc_column-inner\"><div class=\"wpb_wrapper\"><div class=\"w-separator size_custom\" style=\"height:1px\"><\/div><\/div><\/div><\/div><div class=\"vc_col-sm-6 wpb_column vc_column_container\"><div class=\"vc_column-inner\"><div class=\"wpb_wrapper\"><div class=\"wpb_text_column\"><div class=\"wpb_wrapper\"><h5 style=\"text-align: right;\">V\u00a0oblasti diagnostiky por\u00fach a\u00a0zhodnotenia funk\u010dn\u00e9ho stavu fyzioterapia vyu\u017e\u00edva komplex \u0161pecifick\u00fdch meran\u00ed, testov a\u00a0vy\u0161etren\u00ed na ur\u010denie, kvantifik\u00e1ciu a\u00a0objektiviz\u00e1ciu odch\u00fdlky od normy. Vyu\u017e\u00edva fyzik\u00e1lne merania na stanovenie rozsahu pohybu v\u00a0k\u013aboch, stup\u0148a svalovej sily jednotliv\u00fdch svalov, metodiky posudzovania lokomo\u010dn\u00e9ho syst\u00e9mu a\u00a0pod. V\u00a0neposlednom rade sa zameriava na diagnostiku pohybov\u00fdch vzorov postur\u00e1lneho a lokomo\u010dn\u00e9ho syst\u00e9mu , ktor\u00e9 ved\u00fa k\u00a0stanoveniu komplexn\u00e9ho fyzioterapeutick\u00e9ho postupu a\u00a0ergonomick\u00e9mu poradenstvu.<\/h5>\n<h5 style=\"text-align: right;\">Fyzioterapia sa zaober\u00e1 aj eduk\u00e1ciou. \u010ci sa jedn\u00e1 o\u00a0osobu, ktor\u00e1 dan\u00fdm ochoren\u00edm trp\u00ed alebo aj o\u00a0jeho rodinn\u00fdch pr\u00edslu\u0161n\u00edkov, ktor\u00ed \u010dasto potrebuj\u00fa informova\u0165 ako postupova\u0165 v\u00a0dom\u00e1com prostred\u00ed. Fyzioterapeut edukuje aj v\u00a0oblasti ,,zdrav\u00e9ho \u017eivotn\u00e9ho \u0161t\u00fdlu\u201c a\u00a0venuje sa od vrcholov\u00fdch \u0161portovcov a\u017e po pacientov na l\u00f4\u017eku.<\/h5>\n<\/div><\/div><div class=\"w-separator size_huge\"><\/div><\/div><\/div><\/div><\/div><\/div><\/div><\/div><\/div><\/div><\/section>\n","protected":false},"excerpt":{"rendered":"FYZIOTERAPIA RU\u017dOMBEROK Fyzioterapia sa zaober\u00e1 diagnostikou, lie\u010dbou a\u00a0prevenciou por\u00fach pohybov\u00e9ho syst\u00e9mu. Fyzioterapiu pova\u017eujeme za lie\u010dbu, ktor\u00e1 smeruje k\u00a0obnove, udr\u017eaniu a\u00a0podporeniu maxim\u00e1lnej funk\u010dnej zdatnosti \u013eudsk\u00e9ho organizmu. Fyzioterapia m\u00f4\u017ee by\u0165 pr\u00ednosn\u00e1 aj k\u00a0spomaleniu progresie u\u00a0degenera\u010dn\u00fdch ochoren\u00ed a\u00a0u\u00a0vroden\u00fdch ochoren\u00ed. Ve\u013ekou s\u00fa\u010das\u0165ou fyzioterapie je diagnostika funk\u010dn\u00fdch por\u00fach a\u00a0pohybov\u00e9ho potenci\u00e1lu \u013eudsk\u00e9ho tela, ako aj komplexn\u00e9ho vyhodnotenia fyzioterapeutickej starostlivosti aj v\u00a0r\u00e1mci...","protected":false},"author":1,"featured_media":0,"parent":0,"menu_order":0,"comment_status":"closed","ping_status":"closed","template":"","meta":{"_acf_changed":false,"footnotes":""},"class_list":["post-8255","page","type-page","status-publish","hentry"],"acf":[],"yoast_head":"<!-- This site is optimized with the Yoast SEO plugin v26.8 - https:\/\/yoast.com\/product\/yoast-seo-wordpress\/ -->\n<title>Fyzioterapia Ru\u017eomberok - rehabilita\u010dn\u00e9 centrum Bonum Salutem<\/title>\n<meta name=\"description\" content=\"Fyzioterapia Ru\u017eomberok - v na\u0161om rehabilita\u010dnom centre rob\u00edme v\u0161etko pre to, aby sa kvalita v\u00e1\u0161ho \u017eivota zlep\u0161ila. Vyu\u017eite slu\u017eby na\u0161ich fyzioterapeutov.\" \/>\n<meta name=\"robots\" content=\"index, follow, max-snippet:-1, max-image-preview:large, max-video-preview:-1\" \/>\n<link rel=\"canonical\" href=\"https:\/\/www.bonumsalutem.sk\/rehabilitacie\/fyzioterapia\/\" \/>\n<meta property=\"og:locale\" content=\"sk_SK\" \/>\n<meta property=\"og:type\" content=\"article\" \/>\n<meta property=\"og:title\" content=\"Fyzioterapia Ru\u017eomberok - rehabilita\u010dn\u00e9 centrum Bonum Salutem\" \/>\n<meta property=\"og:description\" content=\"Fyzioterapia Ru\u017eomberok - v na\u0161om rehabilita\u010dnom centre rob\u00edme v\u0161etko pre to, aby sa kvalita v\u00e1\u0161ho \u017eivota zlep\u0161ila. Vyu\u017eite slu\u017eby na\u0161ich fyzioterapeutov.\" \/>\n<meta property=\"og:url\" content=\"https:\/\/www.bonumsalutem.sk\/rehabilitacie\/fyzioterapia\/\" \/>\n<meta property=\"og:site_name\" content=\"BonumSalutem - rehabilit\u00e1cie\" \/>\n<meta property=\"article:modified_time\" content=\"2020-07-12T12:14:15+00:00\" \/>\n<meta name=\"twitter:card\" content=\"summary_large_image\" \/>\n<meta name=\"twitter:label1\" content=\"Predpokladan\u00fd \u010das \u010d\u00edtania\" \/>\n\t<meta name=\"twitter:data1\" content=\"3 min\u00faty\" \/>\n<script type=\"application\/ld+json\" class=\"yoast-schema-graph\">{\"@context\":\"https:\/\/schema.org\",\"@graph\":[{\"@type\":\"WebPage\",\"@id\":\"https:\/\/www.bonumsalutem.sk\/rehabilitacie\/fyzioterapia\/\",\"url\":\"https:\/\/www.bonumsalutem.sk\/rehabilitacie\/fyzioterapia\/\",\"name\":\"Fyzioterapia Ru\u017eomberok - rehabilita\u010dn\u00e9 centrum Bonum Salutem\",\"isPartOf\":{\"@id\":\"https:\/\/www.bonumsalutem.sk\/rehabilitacie\/#website\"},\"datePublished\":\"2018-09-30T19:55:41+00:00\",\"dateModified\":\"2020-07-12T12:14:15+00:00\",\"description\":\"Fyzioterapia Ru\u017eomberok - v na\u0161om rehabilita\u010dnom centre rob\u00edme v\u0161etko pre to, aby sa kvalita v\u00e1\u0161ho \u017eivota zlep\u0161ila. Vyu\u017eite slu\u017eby na\u0161ich fyzioterapeutov.\",\"breadcrumb\":{\"@id\":\"https:\/\/www.bonumsalutem.sk\/rehabilitacie\/fyzioterapia\/#breadcrumb\"},\"inLanguage\":\"sk-SK\",\"potentialAction\":[{\"@type\":\"ReadAction\",\"target\":[\"https:\/\/www.bonumsalutem.sk\/rehabilitacie\/fyzioterapia\/\"]}]},{\"@type\":\"BreadcrumbList\",\"@id\":\"https:\/\/www.bonumsalutem.sk\/rehabilitacie\/fyzioterapia\/#breadcrumb\",\"itemListElement\":[{\"@type\":\"ListItem\",\"position\":1,\"name\":\"Domovsk\u00e1 str\u00e1nka\",\"item\":\"https:\/\/www.bonumsalutem.sk\/rehabilitacie\/\"},{\"@type\":\"ListItem\",\"position\":2,\"name\":\"Fyzioterapia\"}]},{\"@type\":\"WebSite\",\"@id\":\"https:\/\/www.bonumsalutem.sk\/rehabilitacie\/#website\",\"url\":\"https:\/\/www.bonumsalutem.sk\/rehabilitacie\/\",\"name\":\"BonumSalutem - rehabilit\u00e1cie\",\"description\":\"Rob\u00edme veci tak, aby \u013eudia po stretnut\u00ed s nami mali lep\u0161\u00ed \u017eivot\",\"potentialAction\":[{\"@type\":\"SearchAction\",\"target\":{\"@type\":\"EntryPoint\",\"urlTemplate\":\"https:\/\/www.bonumsalutem.sk\/rehabilitacie\/?s={search_term_string}\"},\"query-input\":{\"@type\":\"PropertyValueSpecification\",\"valueRequired\":true,\"valueName\":\"search_term_string\"}}],\"inLanguage\":\"sk-SK\"}]}<\/script>\n<!-- \/ Yoast SEO plugin. -->","yoast_head_json":{"title":"Fyzioterapia Ru\u017eomberok - rehabilita\u010dn\u00e9 centrum Bonum Salutem","description":"Fyzioterapia Ru\u017eomberok - v na\u0161om rehabilita\u010dnom centre rob\u00edme v\u0161etko pre to, aby sa kvalita v\u00e1\u0161ho \u017eivota zlep\u0161ila. Vyu\u017eite slu\u017eby na\u0161ich fyzioterapeutov.","robots":{"index":"index","follow":"follow","max-snippet":"max-snippet:-1","max-image-preview":"max-image-preview:large","max-video-preview":"max-video-preview:-1"},"canonical":"https:\/\/www.bonumsalutem.sk\/rehabilitacie\/fyzioterapia\/","og_locale":"sk_SK","og_type":"article","og_title":"Fyzioterapia Ru\u017eomberok - rehabilita\u010dn\u00e9 centrum Bonum Salutem","og_description":"Fyzioterapia Ru\u017eomberok - v na\u0161om rehabilita\u010dnom centre rob\u00edme v\u0161etko pre to, aby sa kvalita v\u00e1\u0161ho \u017eivota zlep\u0161ila. Vyu\u017eite slu\u017eby na\u0161ich fyzioterapeutov.","og_url":"https:\/\/www.bonumsalutem.sk\/rehabilitacie\/fyzioterapia\/","og_site_name":"BonumSalutem - rehabilit\u00e1cie","article_modified_time":"2020-07-12T12:14:15+00:00","twitter_card":"summary_large_image","twitter_misc":{"Predpokladan\u00fd \u010das \u010d\u00edtania":"3 min\u00faty"},"schema":{"@context":"https:\/\/schema.org","@graph":[{"@type":"WebPage","@id":"https:\/\/www.bonumsalutem.sk\/rehabilitacie\/fyzioterapia\/","url":"https:\/\/www.bonumsalutem.sk\/rehabilitacie\/fyzioterapia\/","name":"Fyzioterapia Ru\u017eomberok - rehabilita\u010dn\u00e9 centrum Bonum Salutem","isPartOf":{"@id":"https:\/\/www.bonumsalutem.sk\/rehabilitacie\/#website"},"datePublished":"2018-09-30T19:55:41+00:00","dateModified":"2020-07-12T12:14:15+00:00","description":"Fyzioterapia Ru\u017eomberok - v na\u0161om rehabilita\u010dnom centre rob\u00edme v\u0161etko pre to, aby sa kvalita v\u00e1\u0161ho \u017eivota zlep\u0161ila. Vyu\u017eite slu\u017eby na\u0161ich fyzioterapeutov.","breadcrumb":{"@id":"https:\/\/www.bonumsalutem.sk\/rehabilitacie\/fyzioterapia\/#breadcrumb"},"inLanguage":"sk-SK","potentialAction":[{"@type":"ReadAction","target":["https:\/\/www.bonumsalutem.sk\/rehabilitacie\/fyzioterapia\/"]}]},{"@type":"BreadcrumbList","@id":"https:\/\/www.bonumsalutem.sk\/rehabilitacie\/fyzioterapia\/#breadcrumb","itemListElement":[{"@type":"ListItem","position":1,"name":"Domovsk\u00e1 str\u00e1nka","item":"https:\/\/www.bonumsalutem.sk\/rehabilitacie\/"},{"@type":"ListItem","position":2,"name":"Fyzioterapia"}]},{"@type":"WebSite","@id":"https:\/\/www.bonumsalutem.sk\/rehabilitacie\/#website","url":"https:\/\/www.bonumsalutem.sk\/rehabilitacie\/","name":"BonumSalutem - rehabilit\u00e1cie","description":"Rob\u00edme veci tak, aby \u013eudia po stretnut\u00ed s nami mali lep\u0161\u00ed \u017eivot","potentialAction":[{"@type":"SearchAction","target":{"@type":"EntryPoint","urlTemplate":"https:\/\/www.bonumsalutem.sk\/rehabilitacie\/?s={search_term_string}"},"query-input":{"@type":"PropertyValueSpecification","valueRequired":true,"valueName":"search_term_string"}}],"inLanguage":"sk-SK"}]}},"_links":{"self":[{"href":"https:\/\/www.bonumsalutem.sk\/rehabilitacie\/wp-json\/wp\/v2\/pages\/8255","targetHints":{"allow":["GET"]}}],"collection":[{"href":"https:\/\/www.bonumsalutem.sk\/rehabilitacie\/wp-json\/wp\/v2\/pages"}],"about":[{"href":"https:\/\/www.bonumsalutem.sk\/rehabilitacie\/wp-json\/wp\/v2\/types\/page"}],"author":[{"embeddable":true,"href":"https:\/\/www.bonumsalutem.sk\/rehabilitacie\/wp-json\/wp\/v2\/users\/1"}],"replies":[{"embeddable":true,"href":"https:\/\/www.bonumsalutem.sk\/rehabilitacie\/wp-json\/wp\/v2\/comments?post=8255"}],"version-history":[{"count":6,"href":"https:\/\/www.bonumsalutem.sk\/rehabilitacie\/wp-json\/wp\/v2\/pages\/8255\/revisions"}],"predecessor-version":[{"id":11763,"href":"https:\/\/www.bonumsalutem.sk\/rehabilitacie\/wp-json\/wp\/v2\/pages\/8255\/revisions\/11763"}],"wp:attachment":[{"href":"https:\/\/www.bonumsalutem.sk\/rehabilitacie\/wp-json\/wp\/v2\/media?parent=8255"}],"curies":[{"name":"wp","href":"https:\/\/api.w.org\/{rel}","templated":true}]}}