{"id":12631,"date":"2026-03-16T08:45:59","date_gmt":"2026-03-16T07:45:59","guid":{"rendered":"https:\/\/www.bonumsalutem.sk\/rehabilitacie\/?page_id=12631"},"modified":"2026-03-17T08:08:47","modified_gmt":"2026-03-17T07:08:47","slug":"cennik","status":"publish","type":"page","link":"https:\/\/www.bonumsalutem.sk\/rehabilitacie\/cennik\/","title":{"rendered":"CENN\u00cdK"},"content":{"rendered":"<section class=\"l-section wpb_row height_medium\"><div class=\"l-section-h i-cf\"><div class=\"g-cols vc_row via_flex valign_middle type_default stacking_default\"><div class=\"vc_col-sm-12 wpb_column vc_column_container\"><div class=\"vc_column-inner\"><div class=\"wpb_wrapper\"><div class=\"wpb_text_column\"><div class=\"wpb_wrapper\"><h2 style=\"text-align: center;\"><b>V\u00fdkonov nehraden\u00fdch z\u00a0verejn\u00e9ho zdravotn\u00e9ho poistenia, a v\u00fdkonov nad r\u00e1mec v\u00fdkonov hraden\u00fdch z\u00a0verejn\u00e9ho zdravotn\u00e9ho poistenia<\/b><\/h2>\n<p><strong>Platn\u00fd od 17.3.2026<\/strong><\/p>\n\n<table id=\"tablepress-1\" class=\"tablepress tablepress-id-1\">\n<thead>\n<tr class=\"row-1\">\n\t<th class=\"column-1\"><\/th><th class=\"column-2\">Cena v EUR \/ 1 aplik\u00e1cia, v\u00fdkon<\/th>\n<\/tr>\n<\/thead>\n<tbody class=\"row-hover\">\n<tr class=\"row-2\">\n\t<td class=\"column-1\">LASER (mal\u00e1 oblas\u0165, palec, prst a pod.) <\/td><td class=\"column-2\">8 \u20ac<\/td>\n<\/tr>\n<tr class=\"row-3\">\n\t<td class=\"column-1\">LASER (\u010dlenok, koleno, bedro, lake\u0165, oblas\u0165 chrbta)<\/td><td class=\"column-2\">15 \u20ac<\/td>\n<\/tr>\n<tr class=\"row-4\">\n\t<td class=\"column-1\">ELEKTROTERAPIA<\/td><td class=\"column-2\">8 \u20ac<\/td>\n<\/tr>\n<tr class=\"row-5\">\n\t<td class=\"column-1\">KOMBI (elektroterapia + ultrazvuk)<\/td><td class=\"column-2\">12 \u20ac<\/td>\n<\/tr>\n<tr class=\"row-6\">\n\t<td class=\"column-1\">MAGNETOTERAPIA<\/td><td class=\"column-2\">12 \u20ac<\/td>\n<\/tr>\n<tr class=\"row-7\">\n\t<td class=\"column-1\">TEPLOLIE\u010cBA<\/td><td class=\"column-2\">6 \u20ac<\/td>\n<\/tr>\n<tr class=\"row-8\">\n\t<td class=\"column-1\">LTV (lie\u010debn\u00e1 telesn\u00e1 v\u00fdchova) 30min<\/td><td class=\"column-2\">12 \u20ac<\/td>\n<\/tr>\n<tr class=\"row-9\">\n\t<td class=\"column-1\">R\u00c1ZOV\u00c1 VLNA<\/td><td class=\"column-2\">18 \u20ac<\/td>\n<\/tr>\n<tr class=\"row-10\">\n\t<td class=\"column-1\">ELEKTROMAGNET<\/td><td class=\"column-2\">18 \u20ac<\/td>\n<\/tr>\n<tr class=\"row-11\">\n\t<td class=\"column-1\">TRAKCIA<\/td><td class=\"column-2\">16 \u20ac<\/td>\n<\/tr>\n<tr class=\"row-12\">\n\t<td class=\"column-1\">LOK\u00c1LNA KRYOTERAPIA<\/td><td class=\"column-2\">12 \u20ac<\/td>\n<\/tr>\n<tr class=\"row-13\">\n\t<td class=\"column-1\">PLYNOV\u00c9 INJEKCIE<\/td><td class=\"column-2\">6 \u20ac<\/td>\n<\/tr>\n<tr class=\"row-14\">\n\t<td class=\"column-1\">KINEZIOTAPING<\/td><td class=\"column-2\">3 - 6 \u20ac<\/td>\n<\/tr>\n<tr class=\"row-15\">\n\t<td class=\"column-1\">VY\u0160ETRENIE LEK\u00c1ROM FBLR<\/td><td class=\"column-2\">15 \u20ac<\/td>\n<\/tr>\n<\/tbody>\n<\/table>\n<!-- #tablepress-1 from cache -->\n<\/div><\/div><\/div><\/div><\/div><\/div><\/div><\/section>\n","protected":false},"excerpt":{"rendered":"V\u00fdkonov nehraden\u00fdch z\u00a0verejn\u00e9ho zdravotn\u00e9ho poistenia, a v\u00fdkonov nad r\u00e1mec v\u00fdkonov hraden\u00fdch z\u00a0verejn\u00e9ho zdravotn\u00e9ho poistenia Platn\u00fd od 17.3.2026 Cena v EUR \/ 1 aplik\u00e1cia, v\u00fdkon LASER (mal\u00e1 oblas\u0165, palec, prst a pod.) 8 \u20ac LASER (\u010dlenok, koleno, bedro, lake\u0165, oblas\u0165 chrbta)15 \u20ac ELEKTROTERAPIA8 \u20ac KOMBI (elektroterapia + ultrazvuk)12 \u20ac MAGNETOTERAPIA12 \u20ac TEPLOLIE\u010cBA6 \u20ac LTV (lie\u010debn\u00e1 telesn\u00e1...","protected":false},"author":1,"featured_media":0,"parent":0,"menu_order":0,"comment_status":"closed","ping_status":"closed","template":"","meta":{"_acf_changed":false,"footnotes":""},"class_list":["post-12631","page","type-page","status-publish","hentry"],"acf":[],"yoast_head":"<!-- This site is optimized with the Yoast SEO plugin v26.8 - https:\/\/yoast.com\/product\/yoast-seo-wordpress\/ -->\n<title>Bonum Salutem - Cenn\u00edk, najv\u00fdhodnej\u0161ie ceny za na\u0161e slu\u017eby<\/title>\n<meta name=\"description\" content=\"Vyu\u017eite na\u0161e slu\u017eby, akcie a jedine\u010dn\u00e9 ponuky na lie\u010dbu. Rob\u00edme veci tak, aby \u013eudia po stretnut\u00ed s nami mali lep\u0161\u00ed \u017eivotn\u00fd \u0161t\u00fdl. Pridajte sa k na\u0161im spokojn\u00fdm z\u00e1kazn\u00edkom a rezervujte si term\u00edn v Bonum Salutem.\" \/>\n<meta name=\"robots\" content=\"index, follow, max-snippet:-1, max-image-preview:large, max-video-preview:-1\" \/>\n<link rel=\"canonical\" href=\"https:\/\/www.bonumsalutem.sk\/rehabilitacie\/cennik\/\" \/>\n<meta property=\"og:locale\" content=\"sk_SK\" \/>\n<meta property=\"og:type\" content=\"article\" \/>\n<meta property=\"og:title\" content=\"Bonum Salutem - Cenn\u00edk, najv\u00fdhodnej\u0161ie ceny za na\u0161e slu\u017eby\" \/>\n<meta property=\"og:description\" content=\"Vyu\u017eite na\u0161e slu\u017eby, akcie a jedine\u010dn\u00e9 ponuky na lie\u010dbu. Rob\u00edme veci tak, aby \u013eudia po stretnut\u00ed s nami mali lep\u0161\u00ed \u017eivotn\u00fd \u0161t\u00fdl. Pridajte sa k na\u0161im spokojn\u00fdm z\u00e1kazn\u00edkom a rezervujte si term\u00edn v Bonum Salutem.\" \/>\n<meta property=\"og:url\" content=\"https:\/\/www.bonumsalutem.sk\/rehabilitacie\/cennik\/\" \/>\n<meta property=\"og:site_name\" content=\"BonumSalutem - rehabilit\u00e1cie\" \/>\n<meta property=\"article:modified_time\" content=\"2026-03-17T07:08:47+00:00\" \/>\n<meta name=\"twitter:card\" content=\"summary_large_image\" \/>\n<meta name=\"twitter:label1\" content=\"Predpokladan\u00fd \u010das \u010d\u00edtania\" \/>\n\t<meta name=\"twitter:data1\" content=\"1 min\u00fata\" \/>\n<script type=\"application\/ld+json\" class=\"yoast-schema-graph\">{\"@context\":\"https:\/\/schema.org\",\"@graph\":[{\"@type\":\"WebPage\",\"@id\":\"https:\/\/www.bonumsalutem.sk\/rehabilitacie\/cennik\/\",\"url\":\"https:\/\/www.bonumsalutem.sk\/rehabilitacie\/cennik\/\",\"name\":\"Bonum Salutem - Cenn\u00edk, najv\u00fdhodnej\u0161ie ceny za na\u0161e slu\u017eby\",\"isPartOf\":{\"@id\":\"https:\/\/www.bonumsalutem.sk\/rehabilitacie\/#website\"},\"datePublished\":\"2026-03-16T07:45:59+00:00\",\"dateModified\":\"2026-03-17T07:08:47+00:00\",\"description\":\"Vyu\u017eite na\u0161e slu\u017eby, akcie a jedine\u010dn\u00e9 ponuky na lie\u010dbu. Rob\u00edme veci tak, aby \u013eudia po stretnut\u00ed s nami mali lep\u0161\u00ed \u017eivotn\u00fd \u0161t\u00fdl. Pridajte sa k na\u0161im spokojn\u00fdm z\u00e1kazn\u00edkom a rezervujte si term\u00edn v Bonum Salutem.\",\"breadcrumb\":{\"@id\":\"https:\/\/www.bonumsalutem.sk\/rehabilitacie\/cennik\/#breadcrumb\"},\"inLanguage\":\"sk-SK\",\"potentialAction\":[{\"@type\":\"ReadAction\",\"target\":[\"https:\/\/www.bonumsalutem.sk\/rehabilitacie\/cennik\/\"]}]},{\"@type\":\"BreadcrumbList\",\"@id\":\"https:\/\/www.bonumsalutem.sk\/rehabilitacie\/cennik\/#breadcrumb\",\"itemListElement\":[{\"@type\":\"ListItem\",\"position\":1,\"name\":\"Domovsk\u00e1 str\u00e1nka\",\"item\":\"https:\/\/www.bonumsalutem.sk\/rehabilitacie\/\"},{\"@type\":\"ListItem\",\"position\":2,\"name\":\"CENN\u00cdK\"}]},{\"@type\":\"WebSite\",\"@id\":\"https:\/\/www.bonumsalutem.sk\/rehabilitacie\/#website\",\"url\":\"https:\/\/www.bonumsalutem.sk\/rehabilitacie\/\",\"name\":\"BonumSalutem - rehabilit\u00e1cie\",\"description\":\"Rob\u00edme veci tak, aby \u013eudia po stretnut\u00ed s nami mali lep\u0161\u00ed \u017eivot\",\"potentialAction\":[{\"@type\":\"SearchAction\",\"target\":{\"@type\":\"EntryPoint\",\"urlTemplate\":\"https:\/\/www.bonumsalutem.sk\/rehabilitacie\/?s={search_term_string}\"},\"query-input\":{\"@type\":\"PropertyValueSpecification\",\"valueRequired\":true,\"valueName\":\"search_term_string\"}}],\"inLanguage\":\"sk-SK\"}]}<\/script>\n<!-- \/ Yoast SEO plugin. -->","yoast_head_json":{"title":"Bonum Salutem - Cenn\u00edk, najv\u00fdhodnej\u0161ie ceny za na\u0161e slu\u017eby","description":"Vyu\u017eite na\u0161e slu\u017eby, akcie a jedine\u010dn\u00e9 ponuky na lie\u010dbu. Rob\u00edme veci tak, aby \u013eudia po stretnut\u00ed s nami mali lep\u0161\u00ed \u017eivotn\u00fd \u0161t\u00fdl. Pridajte sa k na\u0161im spokojn\u00fdm z\u00e1kazn\u00edkom a rezervujte si term\u00edn v Bonum Salutem.","robots":{"index":"index","follow":"follow","max-snippet":"max-snippet:-1","max-image-preview":"max-image-preview:large","max-video-preview":"max-video-preview:-1"},"canonical":"https:\/\/www.bonumsalutem.sk\/rehabilitacie\/cennik\/","og_locale":"sk_SK","og_type":"article","og_title":"Bonum Salutem - Cenn\u00edk, najv\u00fdhodnej\u0161ie ceny za na\u0161e slu\u017eby","og_description":"Vyu\u017eite na\u0161e slu\u017eby, akcie a jedine\u010dn\u00e9 ponuky na lie\u010dbu. Rob\u00edme veci tak, aby \u013eudia po stretnut\u00ed s nami mali lep\u0161\u00ed \u017eivotn\u00fd \u0161t\u00fdl. Pridajte sa k na\u0161im spokojn\u00fdm z\u00e1kazn\u00edkom a rezervujte si term\u00edn v Bonum Salutem.","og_url":"https:\/\/www.bonumsalutem.sk\/rehabilitacie\/cennik\/","og_site_name":"BonumSalutem - rehabilit\u00e1cie","article_modified_time":"2026-03-17T07:08:47+00:00","twitter_card":"summary_large_image","twitter_misc":{"Predpokladan\u00fd \u010das \u010d\u00edtania":"1 min\u00fata"},"schema":{"@context":"https:\/\/schema.org","@graph":[{"@type":"WebPage","@id":"https:\/\/www.bonumsalutem.sk\/rehabilitacie\/cennik\/","url":"https:\/\/www.bonumsalutem.sk\/rehabilitacie\/cennik\/","name":"Bonum Salutem - Cenn\u00edk, najv\u00fdhodnej\u0161ie ceny za na\u0161e slu\u017eby","isPartOf":{"@id":"https:\/\/www.bonumsalutem.sk\/rehabilitacie\/#website"},"datePublished":"2026-03-16T07:45:59+00:00","dateModified":"2026-03-17T07:08:47+00:00","description":"Vyu\u017eite na\u0161e slu\u017eby, akcie a jedine\u010dn\u00e9 ponuky na lie\u010dbu. Rob\u00edme veci tak, aby \u013eudia po stretnut\u00ed s nami mali lep\u0161\u00ed \u017eivotn\u00fd \u0161t\u00fdl. Pridajte sa k na\u0161im spokojn\u00fdm z\u00e1kazn\u00edkom a rezervujte si term\u00edn v Bonum Salutem.","breadcrumb":{"@id":"https:\/\/www.bonumsalutem.sk\/rehabilitacie\/cennik\/#breadcrumb"},"inLanguage":"sk-SK","potentialAction":[{"@type":"ReadAction","target":["https:\/\/www.bonumsalutem.sk\/rehabilitacie\/cennik\/"]}]},{"@type":"BreadcrumbList","@id":"https:\/\/www.bonumsalutem.sk\/rehabilitacie\/cennik\/#breadcrumb","itemListElement":[{"@type":"ListItem","position":1,"name":"Domovsk\u00e1 str\u00e1nka","item":"https:\/\/www.bonumsalutem.sk\/rehabilitacie\/"},{"@type":"ListItem","position":2,"name":"CENN\u00cdK"}]},{"@type":"WebSite","@id":"https:\/\/www.bonumsalutem.sk\/rehabilitacie\/#website","url":"https:\/\/www.bonumsalutem.sk\/rehabilitacie\/","name":"BonumSalutem - rehabilit\u00e1cie","description":"Rob\u00edme veci tak, aby \u013eudia po stretnut\u00ed s nami mali lep\u0161\u00ed \u017eivot","potentialAction":[{"@type":"SearchAction","target":{"@type":"EntryPoint","urlTemplate":"https:\/\/www.bonumsalutem.sk\/rehabilitacie\/?s={search_term_string}"},"query-input":{"@type":"PropertyValueSpecification","valueRequired":true,"valueName":"search_term_string"}}],"inLanguage":"sk-SK"}]}},"_links":{"self":[{"href":"https:\/\/www.bonumsalutem.sk\/rehabilitacie\/wp-json\/wp\/v2\/pages\/12631","targetHints":{"allow":["GET"]}}],"collection":[{"href":"https:\/\/www.bonumsalutem.sk\/rehabilitacie\/wp-json\/wp\/v2\/pages"}],"about":[{"href":"https:\/\/www.bonumsalutem.sk\/rehabilitacie\/wp-json\/wp\/v2\/types\/page"}],"author":[{"embeddable":true,"href":"https:\/\/www.bonumsalutem.sk\/rehabilitacie\/wp-json\/wp\/v2\/users\/1"}],"replies":[{"embeddable":true,"href":"https:\/\/www.bonumsalutem.sk\/rehabilitacie\/wp-json\/wp\/v2\/comments?post=12631"}],"version-history":[{"count":5,"href":"https:\/\/www.bonumsalutem.sk\/rehabilitacie\/wp-json\/wp\/v2\/pages\/12631\/revisions"}],"predecessor-version":[{"id":12639,"href":"https:\/\/www.bonumsalutem.sk\/rehabilitacie\/wp-json\/wp\/v2\/pages\/12631\/revisions\/12639"}],"wp:attachment":[{"href":"https:\/\/www.bonumsalutem.sk\/rehabilitacie\/wp-json\/wp\/v2\/media?parent=12631"}],"curies":[{"name":"wp","href":"https:\/\/api.w.org\/{rel}","templated":true}]}}