{"id":12606,"date":"2025-10-23T08:49:57","date_gmt":"2025-10-23T06:49:57","guid":{"rendered":"https:\/\/www.bonumsalutem.sk\/rehabilitacie\/?page_id=12606"},"modified":"2025-10-23T08:49:57","modified_gmt":"2025-10-23T06:49:57","slug":"inovativne-injekcie-peptys","status":"publish","type":"page","link":"https:\/\/www.bonumsalutem.sk\/rehabilitacie\/inovativne-injekcie-peptys\/","title":{"rendered":"Inovat\u00edvne injekcie PEPTYS"},"content":{"rendered":"<section class=\"l-section wpb_row height_medium\"><div class=\"l-section-h i-cf\"><div class=\"g-cols vc_row via_flex valign_top type_default stacking_default\"><div class=\"vc_col-sm-12 wpb_column vc_column_container\"><div class=\"vc_column-inner\"><div class=\"wpb_wrapper\"><h1 class=\"w-text us_custom_eb849559\"><span class=\"w-text-h\"><span class=\"w-text-value\">Zdrav\u00e9 k\u013aby, zn\u00ed\u017eenie bolesti a posilnenie chrupavky v\u010faka PEPTYSu<\/span><\/span><\/h1><div class=\"w-separator size_medium\"><\/div><div class=\"g-cols wpb_row via_flex valign_middle type_default stacking_default\"><div class=\"vc_col-sm-6 wpb_column vc_column_container\"><div class=\"vc_column-inner\"><div class=\"wpb_wrapper\"><div class=\"wpb_text_column\"><div class=\"wpb_wrapper\"><h2>Za\u010d\u00edna to zn\u00ed\u017een\u00edm z\u00e1palu a bolesti<\/h2>\n<h3>Zn\u00ed\u017eenie z\u00e1palu a bolesti<\/h3>\n<p>LWP v PEPTYS sa zap\u00e1jaj\u00fa do zlo\u017eit\u00fdch interakci\u00ed v r\u00e1mci bunkov\u00fdch signaliza\u010dn\u00fdch siet\u00ed. \u0160pecificky sa zameriavaj\u00fa na z\u00e1palov\u00e9 dr\u00e1hy v\u00e4zbou na receptory a inhib\u00edciou enz\u00fdmov, ktor\u00e9 z\u00e1pal sp\u00fa\u0161\u0165aj\u00fa. Modul\u00e1ciou t\u00fdchto bunkov\u00fdch aktiv\u00edt pom\u00e1haj\u00fa LWP obnovi\u0165 vyv\u00e1\u017een\u00fa imunitn\u00fa odpove\u010f, ktor\u00e1 je rozhoduj\u00faca pre zn\u00ed\u017eenie chronick\u00e9ho z\u00e1palu.<\/p>\n<h3>Inhib\u00edcia degrad\u00e1cie tkan\u00edv<\/h3>\n<p>Lytick\u00e9 enz\u00fdmy ako matricov\u00e9 metaloprotein\u00e1zy (MMP) hraj\u00fa k\u013e\u00fa\u010dov\u00fa \u00falohu pri degrad\u00e1cii tkaniva. LWP inhibuj\u00fa nadmern\u00fa aktivitu t\u00fdchto enz\u00fdmov, obmedzuj\u00fa nadmern\u00e9 odb\u00faravanie zlo\u017eiek extracelul\u00e1rnej matrice, \u010d\u00edm zni\u017euj\u00fa z\u00e1pal a s\u00favisiacu boles\u0165.<\/p>\n<\/div><\/div><\/div><\/div><\/div><div class=\"vc_col-sm-6 wpb_column vc_column_container\"><div class=\"vc_column-inner\"><div class=\"wpb_wrapper\"><div class=\"w-image us_custom_5a4d11db has_ratio align_center\"><div class=\"w-image-h\"><div style=\"padding-bottom:100%\"><\/div><img decoding=\"async\" width=\"1024\" height=\"1024\" data-src=\"https:\/\/www.bonumsalutem.sk\/rehabilitacie\/wp-content\/uploads\/sites\/2\/2025\/10\/image_1-1024x1024.webp\" class=\"attachment-large size-large lazyload\" alt=\"\" src=\"data:image\/svg+xml;base64,PHN2ZyB3aWR0aD0iMSIgaGVpZ2h0PSIxIiB4bWxucz0iaHR0cDovL3d3dy53My5vcmcvMjAwMC9zdmciPjwvc3ZnPg==\" style=\"--smush-placeholder-width: 1024px; --smush-placeholder-aspect-ratio: 1024\/1024;\" \/><\/div><\/div><\/div><\/div><\/div><\/div><div class=\"w-separator size_medium\"><\/div><div class=\"g-cols wpb_row us_custom_b4f303dd has_text_color via_flex valign_middle type_default reversed stacking_default\"><div class=\"vc_col-sm-6 wpb_column vc_column_container\"><div class=\"vc_column-inner\"><div class=\"wpb_wrapper\"><div class=\"w-image us_custom_5a4d11db has_ratio align_center\"><div class=\"w-image-h\"><div style=\"padding-bottom:100%\"><\/div><img decoding=\"async\" width=\"1024\" height=\"1024\" data-src=\"https:\/\/www.bonumsalutem.sk\/rehabilitacie\/wp-content\/uploads\/sites\/2\/2025\/10\/image_2-1024x1024.webp\" class=\"attachment-large size-large lazyload\" alt=\"\" src=\"data:image\/svg+xml;base64,PHN2ZyB3aWR0aD0iMSIgaGVpZ2h0PSIxIiB4bWxucz0iaHR0cDovL3d3dy53My5vcmcvMjAwMC9zdmciPjwvc3ZnPg==\" style=\"--smush-placeholder-width: 1024px; --smush-placeholder-aspect-ratio: 1024\/1024;\" \/><\/div><\/div><\/div><\/div><\/div><div class=\"vc_col-sm-6 wpb_column vc_column_container\"><div class=\"vc_column-inner\"><div class=\"wpb_wrapper\"><div class=\"wpb_text_column\"><div class=\"wpb_wrapper\"><h2>Pokra\u010duje posilnen\u00edm a regener\u00e1ciou tkan\u00edv<\/h2>\n<h3>Stimul\u00e1cia tvorby kolag\u00e9nu<\/h3>\n<p>LWP stimuluj\u00fa fibroblasty a chondrocyty na zv\u00fd\u0161enie synt\u00e9zy kolag\u00e9nu, hlavnej zlo\u017eky chrupavky a spojivov\u00fdch tkan\u00edv. T\u00e1to selekt\u00edvna stimul\u00e1cia je \u017eivotne d\u00f4le\u017eit\u00e1 pre udr\u017eanie integrity tkaniva a u\u013eah\u010denie procesu hojenia.<\/p>\n<h3>Podpora regener\u00e1cie tkaniva<\/h3>\n<p>Repar\u00e1cia tkaniva zvy\u010dajne vedie k tvorbe jaziev, ktor\u00e9 s\u00fa funk\u010dne hor\u0161ie ako p\u00f4vodn\u00e9 tkanivo. LWP pos\u00favaj\u00fa reakciu tela smerom k regener\u00e1cii, \u010d\u00edm podporuj\u00fa tvorbu tkan\u00edv, ktor\u00e9 sa \u0161trukt\u00farou a funkciou viac podobaj\u00fa ich p\u00f4vodn\u00e9mu stavu.<\/p>\n<\/div><\/div><\/div><\/div><\/div><\/div><div class=\"w-separator size_medium\"><\/div><div class=\"g-cols wpb_row via_flex valign_middle type_default stacking_default\"><div class=\"vc_col-sm-6 wpb_column vc_column_container\"><div class=\"vc_column-inner\"><div class=\"wpb_wrapper\"><div class=\"wpb_text_column\"><div class=\"wpb_wrapper\"><h2>A kon\u010d\u00ed zlep\u0161enou mobilitou<\/h2>\n<h3>Udr\u017eiavanie zdravia chrupavky<\/h3>\n<p>Chrupavka, tlmiace tkanivo v k\u013aboch, sa \u010dasom opotrebov\u00e1va. LW peptidy pom\u00e1haj\u00fa udr\u017eiava\u0165 zdravie chrupavky t\u00fdm, \u017ee podporuj\u00fa synt\u00e9zu jej z\u00e1kladn\u00fdch zlo\u017eiek a zabra\u0148uj\u00fa ich rozpadu, \u010d\u00edm zachov\u00e1vaj\u00fa funk\u010dnos\u0165 k\u013abov.<\/p>\n<h3>Zv\u00fd\u0161en\u00e1 pohyblivos\u0165 k\u013abov v\u010faka zdravej chrupavke<\/h3>\n<p>Zlep\u0161en\u00e9 zdravie chrupavky sa priamo premieta do zlep\u0161enej pohyblivosti k\u013abov. K\u013aby sa st\u00e1vaj\u00fa pru\u017enej\u0161ie a menej bolestiv\u00e9, \u010do umo\u017e\u0148uje plynulej\u0161\u00ed pohyb a lep\u0161\u00ed rozsah pohybu.<\/p>\n<\/div><\/div><\/div><\/div><\/div><div class=\"vc_col-sm-6 wpb_column vc_column_container\"><div class=\"vc_column-inner\"><div class=\"wpb_wrapper\"><div class=\"w-image us_custom_5a4d11db has_ratio align_center\"><div class=\"w-image-h\"><div style=\"padding-bottom:100%\"><\/div><img decoding=\"async\" width=\"1024\" height=\"1024\" data-src=\"https:\/\/www.bonumsalutem.sk\/rehabilitacie\/wp-content\/uploads\/sites\/2\/2025\/10\/image_3-1024x1024.webp\" class=\"attachment-large size-large lazyload\" alt=\"\" src=\"data:image\/svg+xml;base64,PHN2ZyB3aWR0aD0iMSIgaGVpZ2h0PSIxIiB4bWxucz0iaHR0cDovL3d3dy53My5vcmcvMjAwMC9zdmciPjwvc3ZnPg==\" style=\"--smush-placeholder-width: 1024px; --smush-placeholder-aspect-ratio: 1024\/1024;\" \/><\/div><\/div><\/div><\/div><\/div><\/div><\/div><\/div><\/div><\/div><\/div><\/section><section class=\"l-section wpb_row us_custom_c70c97eb height_medium\"><div class=\"l-section-h i-cf\"><div class=\"g-cols vc_row via_flex valign_top type_default stacking_default\"><div class=\"vc_col-sm-12 wpb_column vc_column_container\"><div class=\"vc_column-inner\"><div class=\"wpb_wrapper\"><h2 class=\"w-text\"><span class=\"w-text-h\"><span class=\"w-text-value\">K\u013e\u00fa\u010dov\u00e1 \u00faloha zlo\u017eky<\/span><\/span><\/h2><h3 class=\"w-text\"><span class=\"w-text-h\"><span class=\"w-text-value\">Magnesium Ascorbyl Phosphate (MAP)<\/span><\/span><\/h3><div class=\"w-separator size_medium\"><\/div><div class=\"g-cols wpb_row via_flex valign_top type_default stacking_default\"><div class=\"vc_col-sm-6 wpb_column vc_column_container\"><div class=\"vc_column-inner\"><div class=\"wpb_wrapper\"><div class=\"wpb_text_column us_custom_0259209c has_text_color\"><div class=\"wpb_wrapper\"><h4><strong>Biochemick\u00e1 \u00faloha<\/strong><\/h4>\n<p>Magnesium Ascorbyl Phosphate (MAP) v PEPTYS hr\u00e1 mnohostrann\u00fa \u00falohu. Podie\u013ea sa na synt\u00e9ze a stabiliz\u00e1cii peptidov, zatia\u013e \u010do jeho antioxida\u010dn\u00e9 vlastnosti chr\u00e1nia tkaniv\u00e1 pred oxida\u010dn\u00fdm stresom, k\u013e\u00fa\u010dov\u00fdm faktorom starnutia a z\u00e1palu.<\/p>\n<\/div><\/div><\/div><\/div><\/div><div class=\"vc_col-sm-6 wpb_column vc_column_container\"><div class=\"vc_column-inner\"><div class=\"wpb_wrapper\"><div class=\"wpb_text_column us_custom_0259209c has_text_color\"><div class=\"wpb_wrapper\"><h4><strong>Synergia s LWP<\/strong><\/h4>\n<p>Za\u010dlenenie MAP zvy\u0161uje stabilitu a biologick\u00fa dostupnos\u0165 LWP, v\u010faka \u010domu je kombin\u00e1cia \u00fa\u010dinnej\u0161ia ako ka\u017ed\u00e1 zo zlo\u017eiek samostatne. T\u00e1to synergia vedie k lep\u0161iemu terapeutick\u00e9mu \u00fa\u010dinku, maximalizuj\u00fac regenera\u010dn\u00fd potenci\u00e1l PEPTYSu.<\/p>\n<\/div><\/div><\/div><\/div><\/div><\/div><\/div><\/div><\/div><\/div><\/div><\/section><section class=\"l-section wpb_row height_medium\"><div class=\"l-section-h i-cf\"><div class=\"g-cols vc_row via_flex valign_top type_default stacking_default\"><div class=\"vc_col-sm-12 wpb_column vc_column_container\"><div class=\"vc_column-inner\"><div class=\"wpb_wrapper\"><div class=\"wpb_text_column\"><div class=\"wpb_wrapper\"><h2 style=\"text-align: center;\">Zistite viac o lie\u010dbe pohybov\u00e9ho apar\u00e1tu<\/h2>\n<p style=\"text-align: center;\">Injek\u010dn\u00fd roztok s n\u00edzkomolekul\u00e1rnymi peptidmi stimuluje tvorbu prirodzen\u00e9ho kolag\u00e9nu a redukuje bolesti do 48 hod\u00edn.<\/p>\n<\/div><\/div><div class=\"w-separator size_medium\"><\/div>[vc_raw_html css=&#8220;%7B%22default%22%3A%7B%22text-align%22%3A%22center%22%7D%7D&#8220;]JTNDaWZyYW1lJTIwd2lkdGglM0QlMjIxMjgwJTIyJTIwaGVpZ2h0JTNEJTIyNjUwJTIyJTIwc3JjJTNEJTIyaHR0cHMlM0ElMkYlMkZ3d3cueW91dHViZS5jb20lMkZlbWJlZCUyRnpSU3h5OGhoRWJ3JTNGc2klM0Q1N3Frd0YwWjAydTdON1pNJTIyJTIwdGl0bGUlM0QlMjJZb3VUdWJlJTIwdmlkZW8lMjBwbGF5ZXIlMjIlMjBmcmFtZWJvcmRlciUzRCUyMjAlMjIlMjBhbGxvdyUzRCUyMmFjY2VsZXJvbWV0ZXIlM0IlMjBhdXRvcGxheSUzQiUyMGNsaXBib2FyZC13cml0ZSUzQiUyMGVuY3J5cHRlZC1tZWRpYSUzQiUyMGd5cm9zY29wZSUzQiUyMHBpY3R1cmUtaW4tcGljdHVyZSUzQiUyMHdlYi1zaGFyZSUyMiUyMHJlZmVycmVycG9saWN5JTNEJTIyc3RyaWN0LW9yaWdpbi13aGVuLWNyb3NzLW9yaWdpbiUyMiUyMGFsbG93ZnVsbHNjcmVlbiUzRSUzQyUyRmlmcmFtZSUzRQ==[\/vc_raw_html]<\/div><\/div><\/div><\/div><\/div><\/section><section class=\"l-section wpb_row height_medium\"><div class=\"l-section-h i-cf\"><div class=\"g-cols vc_row via_flex valign_top type_default stacking_default\"><div class=\"vc_col-sm-12 wpb_column vc_column_container\"><div class=\"vc_column-inner\"><div class=\"wpb_wrapper\"><div class=\"w-tabs style_default switch_click accordion has_scrolling\" style=\"--sections-title-size:inherit\"><div class=\"w-tabs-sections titles-align_none icon_chevron cpos_right\"><div class=\"w-tabs-section\" id=\"t32b\"><button class=\"w-tabs-section-header\" aria-controls=\"content-t32b\" aria-expanded=\"false\"><div class=\"w-tabs-section-title\">\u010co presne je PEPTYS?<\/div><div class=\"w-tabs-section-control\"><\/div><\/button><div  class=\"w-tabs-section-content\" id=\"content-t32b\"><div class=\"w-tabs-section-content-h i-cf\"><div class=\"wpb_text_column\"><div class=\"wpb_wrapper\"><p>PEPTYS je terapeutick\u00fd prepar\u00e1t obsahuj\u00faci bioakt\u00edvne n\u00edzkomolekul\u00e1rne peptidy (LWP), \u0161pecificky navrhnut\u00fd pre modul\u00e1ciu regenerat\u00edvnych procesov v tkaniv\u00e1ch. Tieto peptidy s\u00fa optimalizovan\u00e9 pre maxim\u00e1lnu biologick\u00fa dostupnos\u0165 a cie\u013een\u00fa tkanivov\u00fa regener\u00e1ciu.<\/p>\n<\/div><\/div><\/div><\/div><\/div><div class=\"w-tabs-section\" id=\"n51b\"><button class=\"w-tabs-section-header\" aria-controls=\"content-n51b\" aria-expanded=\"false\"><div class=\"w-tabs-section-title\">Ako funguj\u00fa LW peptidy v PEPTYSe?<\/div><div class=\"w-tabs-section-control\"><\/div><\/button><div  class=\"w-tabs-section-content\" id=\"content-n51b\"><div class=\"w-tabs-section-content-h i-cf\"><div class=\"wpb_text_column\"><div class=\"wpb_wrapper\"><p>LW peptidy v PEPTYSe funguj\u00fa ako bioregul\u00e1tory, aktivuj\u00face endog\u00e9nne regenera\u010dn\u00e9 mechanizmy tela. Stimuluj\u00fa synt\u00e9zu kolag\u00e9nu a elast\u00ednu, \u010d\u00edm podporuj\u00fa obnovu a zdravie spojivov\u00fdch tkan\u00edv. Ich mal\u00e1 molekulov\u00e1 hmotnos\u0165 zabezpe\u010duje efekt\u00edvnu penetr\u00e1ciu a biologick\u00fa aktivitu na mieste aplik\u00e1cie.<\/p>\n<\/div><\/div><\/div><\/div><\/div><div class=\"w-tabs-section\" id=\"v6d8\"><button class=\"w-tabs-section-header\" aria-controls=\"content-v6d8\" aria-expanded=\"false\"><div class=\"w-tabs-section-title\"> Ak\u00fd je rozdiel medzi LW peptidmi a kolag\u00e9nom?<\/div><div class=\"w-tabs-section-control\"><\/div><\/button><div  class=\"w-tabs-section-content\" id=\"content-v6d8\"><div class=\"w-tabs-section-content-h i-cf\"><div class=\"wpb_text_column\"><div class=\"wpb_wrapper\"><p>Zatia\u013e, \u010do kolag\u00e9n sl\u00fa\u017ei ako hlavn\u00fd \u0161truktur\u00e1lny prote\u00edn v tkaniv\u00e1ch, LW peptidy zohr\u00e1vaj\u00fa rolu sign\u00e1lnych molek\u00fal, ktor\u00e9 reguluj\u00fa synt\u00e9zu kolag\u00e9nu a \u010fal\u0161\u00edch matrixov\u00fdch komponentov. LW peptidy teda neposkytuj\u00fa priamu \u0161truktur\u00e1lnu podporu, ale aktivuj\u00fa intracelul\u00e1rne signaliza\u010dn\u00e9 dr\u00e1hy, ved\u00face k anabolick\u00fdm procesom v tkaniv\u00e1ch.<\/p>\n<\/div><\/div><\/div><\/div><\/div><div class=\"w-tabs-section\" id=\"l8a0\"><button class=\"w-tabs-section-header\" aria-controls=\"content-l8a0\" aria-expanded=\"false\"><div class=\"w-tabs-section-title\">\u010co mus\u00edm vedie\u0165 pred pou\u017eit\u00edm PEPTYSu?<\/div><div class=\"w-tabs-section-control\"><\/div><\/button><div  class=\"w-tabs-section-content\" id=\"content-l8a0\"><div class=\"w-tabs-section-content-h i-cf\"><div class=\"wpb_text_column\"><div class=\"wpb_wrapper\"><p>Pred aplik\u00e1ciou PEPTYSu je nevyhnutn\u00e9 absolvova\u0165 klinick\u00e9 vy\u0161etrenie a konzult\u00e1ciu s odborn\u00edkom, aby sa pos\u00fadila vhodnos\u0165 a bezpe\u010dnos\u0165 lie\u010dby v kontexte konkr\u00e9tnej klinickej situ\u00e1cie pacienta. D\u00f4kladn\u00e9 porozumenie interakci\u00ed s existuj\u00facimi lie\u010debn\u00fdmi re\u017eimami a zdravotn\u00fdm stavom pacienta je tie\u017e k\u013e\u00fa\u010dov\u00e9.<\/p>\n<\/div><\/div><\/div><\/div><\/div><div class=\"w-tabs-section\" id=\"la8e\"><button class=\"w-tabs-section-header\" aria-controls=\"content-la8e\" aria-expanded=\"false\"><div class=\"w-tabs-section-title\"> S\u00fa nejak\u00e9 ved\u013eaj\u0161ie \u00fa\u010dinky spojen\u00e9 s pou\u017e\u00edvan\u00edm PEPTYSu?<\/div><div class=\"w-tabs-section-control\"><\/div><\/button><div  class=\"w-tabs-section-content\" id=\"content-la8e\"><div class=\"w-tabs-section-content-h i-cf\"><div class=\"wpb_text_column\"><div class=\"wpb_wrapper\"><p>PEPTYS je v\u0161eobecne dobre tolerovan\u00fd, av\u0161ak ako pri akejko\u013evek biologicky akt\u00edvnej l\u00e1tke, m\u00f4\u017eu nasta\u0165 lok\u00e1lne reakcie v mieste aplik\u00e1cie. V\u00fdskyt syst\u00e9mov\u00fdch reakci\u00ed je minim\u00e1lny, ale pri v\u00fdskyte atypick\u00fdch sympt\u00f3mov sa odpor\u00fa\u010da okam\u017eit\u00e1 konzult\u00e1cia so zdravotn\u00edckym odborn\u00edkom.<\/p>\n<\/div><\/div><\/div><\/div><\/div><div class=\"w-tabs-section\" id=\"jc4a\"><button class=\"w-tabs-section-header\" aria-controls=\"content-jc4a\" aria-expanded=\"false\"><div class=\"w-tabs-section-title\">Ako je zabezpe\u010den\u00e1 kvalita a bezpe\u010dnos\u0165 PEPTYSu?<\/div><div class=\"w-tabs-section-control\"><\/div><\/button><div  class=\"w-tabs-section-content\" id=\"content-jc4a\"><div class=\"w-tabs-section-content-h i-cf\"><div class=\"wpb_text_column\"><div class=\"wpb_wrapper\"><p>Kvalita a bezpe\u010dnos\u0165 PEPTYSu s\u00fa garantovan\u00e9 pr\u00edsnym dodr\u017eiavan\u00edm farmaceutick\u00fdch a biotechnologick\u00fdch v\u00fdrobn\u00fdch noriem, vr\u00e1tane Good Manufacturing Practice (GMP). V\u00fdrobok podlieha neust\u00e1lym kontrol\u00e1m a valid\u00e1ci\u00e1m, aby sa zabezpe\u010dila jeho konzistentnos\u0165, \u010distota a biologick\u00e1 efekt\u00edvnos\u0165.<\/p>\n<\/div><\/div><\/div><\/div><\/div><div class=\"w-tabs-section\" id=\"re05\"><button class=\"w-tabs-section-header\" aria-controls=\"content-re05\" aria-expanded=\"false\"><div class=\"w-tabs-section-title\">Existuj\u00fa nejak\u00e9 obmedzenia alebo odpor\u00fa\u010dania pre d\u00e1vkovanie PEPTYSu?<\/div><div class=\"w-tabs-section-control\"><\/div><\/button><div  class=\"w-tabs-section-content\" id=\"content-re05\"><div class=\"w-tabs-section-content-h i-cf\"><div class=\"wpb_text_column\"><div class=\"wpb_wrapper\"><p>Optim\u00e1lne d\u00e1vkovanie PEPTYSu je stanoven\u00e9 na z\u00e1klade individu\u00e1lnej klinickej indik\u00e1cie a tolerancie pacienta. Lek\u00e1rska indik\u00e1cia a monitorovanie reakcie pacienta na terapiu s\u00fa k\u013e\u00fa\u010dov\u00e9 pre ur\u010denie spr\u00e1vnej d\u00e1vky a frekvencie aplik\u00e1cie. V\u017edy sa odpor\u00fa\u010da vies\u0165 lie\u010dbu pod doh\u013eadom sk\u00fasen\u00e9ho zdravotn\u00edckeho odborn\u00edka.<\/p>\n<\/div><\/div><\/div><\/div><\/div><\/div><\/div><\/div><\/div><\/div><\/div><\/div><\/section>\n","protected":false},"excerpt":{"rendered":"Zdrav\u00e9 k\u013aby, zn\u00ed\u017eenie bolesti a posilnenie chrupavky v\u010faka PEPTYSuZa\u010d\u00edna to zn\u00ed\u017een\u00edm z\u00e1palu a bolesti Zn\u00ed\u017eenie z\u00e1palu a bolesti LWP v PEPTYS sa zap\u00e1jaj\u00fa do zlo\u017eit\u00fdch interakci\u00ed v r\u00e1mci bunkov\u00fdch signaliza\u010dn\u00fdch siet\u00ed. \u0160pecificky sa zameriavaj\u00fa na z\u00e1palov\u00e9 dr\u00e1hy v\u00e4zbou na receptory a inhib\u00edciou enz\u00fdmov, ktor\u00e9 z\u00e1pal sp\u00fa\u0161\u0165aj\u00fa. Modul\u00e1ciou t\u00fdchto bunkov\u00fdch aktiv\u00edt pom\u00e1haj\u00fa LWP obnovi\u0165 vyv\u00e1\u017een\u00fa imunitn\u00fa...","protected":false},"author":1,"featured_media":0,"parent":0,"menu_order":0,"comment_status":"closed","ping_status":"closed","template":"","meta":{"_acf_changed":false,"footnotes":""},"class_list":["post-12606","page","type-page","status-publish","hentry"],"acf":[],"yoast_head":"<!-- This site is optimized with the Yoast SEO plugin v26.8 - https:\/\/yoast.com\/product\/yoast-seo-wordpress\/ -->\n<title>Inovat\u00edvne injekcie PEPTYS - BonumSalutem - rehabilit\u00e1cie<\/title>\n<meta name=\"robots\" content=\"index, follow, max-snippet:-1, max-image-preview:large, max-video-preview:-1\" \/>\n<link rel=\"canonical\" href=\"https:\/\/www.bonumsalutem.sk\/rehabilitacie\/inovativne-injekcie-peptys\/\" \/>\n<meta property=\"og:locale\" content=\"sk_SK\" \/>\n<meta property=\"og:type\" content=\"article\" \/>\n<meta property=\"og:title\" content=\"Inovat\u00edvne injekcie PEPTYS - BonumSalutem - rehabilit\u00e1cie\" \/>\n<meta property=\"og:url\" content=\"https:\/\/www.bonumsalutem.sk\/rehabilitacie\/inovativne-injekcie-peptys\/\" \/>\n<meta property=\"og:site_name\" content=\"BonumSalutem - rehabilit\u00e1cie\" \/>\n<meta name=\"twitter:card\" content=\"summary_large_image\" \/>\n<meta name=\"twitter:label1\" content=\"Predpokladan\u00fd \u010das \u010d\u00edtania\" \/>\n\t<meta name=\"twitter:data1\" content=\"4 min\u00faty\" \/>\n<script type=\"application\/ld+json\" class=\"yoast-schema-graph\">{\"@context\":\"https:\/\/schema.org\",\"@graph\":[{\"@type\":\"WebPage\",\"@id\":\"https:\/\/www.bonumsalutem.sk\/rehabilitacie\/inovativne-injekcie-peptys\/\",\"url\":\"https:\/\/www.bonumsalutem.sk\/rehabilitacie\/inovativne-injekcie-peptys\/\",\"name\":\"Inovat\u00edvne injekcie PEPTYS - BonumSalutem - rehabilit\u00e1cie\",\"isPartOf\":{\"@id\":\"https:\/\/www.bonumsalutem.sk\/rehabilitacie\/#website\"},\"datePublished\":\"2025-10-23T06:49:57+00:00\",\"breadcrumb\":{\"@id\":\"https:\/\/www.bonumsalutem.sk\/rehabilitacie\/inovativne-injekcie-peptys\/#breadcrumb\"},\"inLanguage\":\"sk-SK\",\"potentialAction\":[{\"@type\":\"ReadAction\",\"target\":[\"https:\/\/www.bonumsalutem.sk\/rehabilitacie\/inovativne-injekcie-peptys\/\"]}]},{\"@type\":\"BreadcrumbList\",\"@id\":\"https:\/\/www.bonumsalutem.sk\/rehabilitacie\/inovativne-injekcie-peptys\/#breadcrumb\",\"itemListElement\":[{\"@type\":\"ListItem\",\"position\":1,\"name\":\"Domovsk\u00e1 str\u00e1nka\",\"item\":\"https:\/\/www.bonumsalutem.sk\/rehabilitacie\/\"},{\"@type\":\"ListItem\",\"position\":2,\"name\":\"Inovat\u00edvne injekcie PEPTYS\"}]},{\"@type\":\"WebSite\",\"@id\":\"https:\/\/www.bonumsalutem.sk\/rehabilitacie\/#website\",\"url\":\"https:\/\/www.bonumsalutem.sk\/rehabilitacie\/\",\"name\":\"BonumSalutem - rehabilit\u00e1cie\",\"description\":\"Rob\u00edme veci tak, aby \u013eudia po stretnut\u00ed s nami mali lep\u0161\u00ed \u017eivot\",\"potentialAction\":[{\"@type\":\"SearchAction\",\"target\":{\"@type\":\"EntryPoint\",\"urlTemplate\":\"https:\/\/www.bonumsalutem.sk\/rehabilitacie\/?s={search_term_string}\"},\"query-input\":{\"@type\":\"PropertyValueSpecification\",\"valueRequired\":true,\"valueName\":\"search_term_string\"}}],\"inLanguage\":\"sk-SK\"}]}<\/script>\n<!-- \/ Yoast SEO plugin. -->","yoast_head_json":{"title":"Inovat\u00edvne injekcie PEPTYS - BonumSalutem - rehabilit\u00e1cie","robots":{"index":"index","follow":"follow","max-snippet":"max-snippet:-1","max-image-preview":"max-image-preview:large","max-video-preview":"max-video-preview:-1"},"canonical":"https:\/\/www.bonumsalutem.sk\/rehabilitacie\/inovativne-injekcie-peptys\/","og_locale":"sk_SK","og_type":"article","og_title":"Inovat\u00edvne injekcie PEPTYS - BonumSalutem - rehabilit\u00e1cie","og_url":"https:\/\/www.bonumsalutem.sk\/rehabilitacie\/inovativne-injekcie-peptys\/","og_site_name":"BonumSalutem - rehabilit\u00e1cie","twitter_card":"summary_large_image","twitter_misc":{"Predpokladan\u00fd \u010das \u010d\u00edtania":"4 min\u00faty"},"schema":{"@context":"https:\/\/schema.org","@graph":[{"@type":"WebPage","@id":"https:\/\/www.bonumsalutem.sk\/rehabilitacie\/inovativne-injekcie-peptys\/","url":"https:\/\/www.bonumsalutem.sk\/rehabilitacie\/inovativne-injekcie-peptys\/","name":"Inovat\u00edvne injekcie PEPTYS - BonumSalutem - rehabilit\u00e1cie","isPartOf":{"@id":"https:\/\/www.bonumsalutem.sk\/rehabilitacie\/#website"},"datePublished":"2025-10-23T06:49:57+00:00","breadcrumb":{"@id":"https:\/\/www.bonumsalutem.sk\/rehabilitacie\/inovativne-injekcie-peptys\/#breadcrumb"},"inLanguage":"sk-SK","potentialAction":[{"@type":"ReadAction","target":["https:\/\/www.bonumsalutem.sk\/rehabilitacie\/inovativne-injekcie-peptys\/"]}]},{"@type":"BreadcrumbList","@id":"https:\/\/www.bonumsalutem.sk\/rehabilitacie\/inovativne-injekcie-peptys\/#breadcrumb","itemListElement":[{"@type":"ListItem","position":1,"name":"Domovsk\u00e1 str\u00e1nka","item":"https:\/\/www.bonumsalutem.sk\/rehabilitacie\/"},{"@type":"ListItem","position":2,"name":"Inovat\u00edvne injekcie PEPTYS"}]},{"@type":"WebSite","@id":"https:\/\/www.bonumsalutem.sk\/rehabilitacie\/#website","url":"https:\/\/www.bonumsalutem.sk\/rehabilitacie\/","name":"BonumSalutem - rehabilit\u00e1cie","description":"Rob\u00edme veci tak, aby \u013eudia po stretnut\u00ed s nami mali lep\u0161\u00ed \u017eivot","potentialAction":[{"@type":"SearchAction","target":{"@type":"EntryPoint","urlTemplate":"https:\/\/www.bonumsalutem.sk\/rehabilitacie\/?s={search_term_string}"},"query-input":{"@type":"PropertyValueSpecification","valueRequired":true,"valueName":"search_term_string"}}],"inLanguage":"sk-SK"}]}},"_links":{"self":[{"href":"https:\/\/www.bonumsalutem.sk\/rehabilitacie\/wp-json\/wp\/v2\/pages\/12606","targetHints":{"allow":["GET"]}}],"collection":[{"href":"https:\/\/www.bonumsalutem.sk\/rehabilitacie\/wp-json\/wp\/v2\/pages"}],"about":[{"href":"https:\/\/www.bonumsalutem.sk\/rehabilitacie\/wp-json\/wp\/v2\/types\/page"}],"author":[{"embeddable":true,"href":"https:\/\/www.bonumsalutem.sk\/rehabilitacie\/wp-json\/wp\/v2\/users\/1"}],"replies":[{"embeddable":true,"href":"https:\/\/www.bonumsalutem.sk\/rehabilitacie\/wp-json\/wp\/v2\/comments?post=12606"}],"version-history":[{"count":10,"href":"https:\/\/www.bonumsalutem.sk\/rehabilitacie\/wp-json\/wp\/v2\/pages\/12606\/revisions"}],"predecessor-version":[{"id":12619,"href":"https:\/\/www.bonumsalutem.sk\/rehabilitacie\/wp-json\/wp\/v2\/pages\/12606\/revisions\/12619"}],"wp:attachment":[{"href":"https:\/\/www.bonumsalutem.sk\/rehabilitacie\/wp-json\/wp\/v2\/media?parent=12606"}],"curies":[{"name":"wp","href":"https:\/\/api.w.org\/{rel}","templated":true}]}}