{"id":12443,"date":"2023-02-14T14:58:25","date_gmt":"2023-02-14T13:58:25","guid":{"rendered":"https:\/\/www.bonumsalutem.sk\/rehabilitacie\/?page_id=12443"},"modified":"2023-02-14T14:58:57","modified_gmt":"2023-02-14T13:58:57","slug":"infuzna-liecba","status":"publish","type":"page","link":"https:\/\/www.bonumsalutem.sk\/rehabilitacie\/infuzna-liecba\/","title":{"rendered":"INF\u00daZNA LIE\u010cBA"},"content":{"rendered":"<section class=\"l-section wpb_row height_medium full_height valign_center with_img parallax_ver\" id=\"rehabilitacia\"><div class=\"l-section-img lazyload\" role=\"img\" data-img-width=\"1920\" data-img-height=\"1280\" style=\"background-image:inherit;background-repeat: no-repeat;\" data-bg-image=\"url(https:\/\/www.bonumsalutem.sk\/rehabilitacie\/wp-content\/uploads\/sites\/2\/2023\/02\/infuzna-liecba.jpg)\"><\/div><div class=\"l-section-h i-cf\"><div class=\"g-cols vc_row via_flex valign_top type_default stacking_default\"><div class=\"vc_col-sm-12 wpb_column vc_column_container\"><div class=\"vc_column-inner\"><div class=\"wpb_wrapper\"><div class=\"g-cols wpb_row via_flex valign_top type_default stacking_default\"><div class=\"vc_col-sm-6 wpb_column vc_column_container\"><div class=\"vc_column-inner\"><div class=\"wpb_wrapper\"><div class=\"w-separator size_custom\" style=\"height:1px\"><\/div><\/div><\/div><\/div><div class=\"vc_col-sm-6 wpb_column vc_column_container\"><div class=\"vc_column-inner\"><div class=\"wpb_wrapper\"><div class=\"wpb_text_column\"><div class=\"wpb_wrapper\"><h1 style=\"text-align: right;\">INF\u00daZNA LIE\u010cBA<\/h1>\n<\/div><\/div><div class=\"w-separator size_small\"><\/div><div class=\"wpb_text_column\"><div class=\"wpb_wrapper\"><h5 style=\"text-align: right;\">Analgetick\u00e1 inf\u00fazia 30 min\u00fat 10 \u20ac \/ 1 aplik\u00e1cia<\/h5>\n<h5 style=\"text-align: right;\">Analgetick\u00e1 inf\u00fazia Neodolpasee 90 min\u00fat 25 \u20ac \/ 1 aplik\u00e1cia<\/h5>\n<h5 style=\"text-align: right;\">Inf\u00fazny roztok Vitam\u00edn C 7,5gr 20 min\u00fat 25 \u20ac \/ 1 aplik\u00e1cia<\/h5>\n<h5 style=\"text-align: right;\">Injekcia Vitam\u00edn C 1gr 5\u20ac \/ 1 aplik\u00e1cia<\/h5>\n<\/div><\/div><div class=\"w-separator size_huge\"><\/div><\/div><\/div><\/div><\/div><\/div><\/div><\/div><\/div><\/div><\/section>\n","protected":false},"excerpt":{"rendered":"INF\u00daZNA LIE\u010cBA Analgetick\u00e1 inf\u00fazia 30 min\u00fat 10 \u20ac \/ 1 aplik\u00e1cia Analgetick\u00e1 inf\u00fazia Neodolpasee 90 min\u00fat 25 \u20ac \/ 1 aplik\u00e1cia Inf\u00fazny roztok Vitam\u00edn C 7,5gr 20 min\u00fat 25 \u20ac \/ 1 aplik\u00e1cia Injekcia Vitam\u00edn C 1gr 5\u20ac \/ 1 aplik\u00e1cia","protected":false},"author":1,"featured_media":0,"parent":0,"menu_order":0,"comment_status":"closed","ping_status":"closed","template":"","meta":{"_acf_changed":false,"footnotes":""},"class_list":["post-12443","page","type-page","status-publish","hentry"],"acf":[],"yoast_head":"<!-- This site is optimized with the Yoast SEO plugin v26.8 - https:\/\/yoast.com\/product\/yoast-seo-wordpress\/ -->\n<title>A-PRP LIE\u010cBA - rehabilita\u010dn\u00e9 centrum Bonum Salutem<\/title>\n<meta name=\"description\" content=\"A-PRP lie\u010dba - je inovat\u00edvny sp\u00f4sob \u00fa\u010dinnej a udr\u017eate\u013enej lie\u010dby bolesti k\u013abov. Vyzna\u010duje sa svojou jednoduchou aplik\u00e1ciou.\" \/>\n<meta name=\"robots\" content=\"index, follow, max-snippet:-1, max-image-preview:large, max-video-preview:-1\" \/>\n<link rel=\"canonical\" href=\"https:\/\/www.bonumsalutem.sk\/rehabilitacie\/infuzna-liecba\/\" \/>\n<meta property=\"og:locale\" content=\"sk_SK\" \/>\n<meta property=\"og:type\" content=\"article\" \/>\n<meta property=\"og:title\" content=\"Rehabilit\u00e1cia - rehabilita\u010dn\u00e9 centrum Bonum Salutem\" \/>\n<meta property=\"og:description\" content=\"Rehabilit\u00e1cia - v na\u0161om rehabilita\u010dnom centre sa venujeme r\u00f4znym form\u00e1m rehabilit\u00e1ci\u00ed ako fyzioterapia, elektrolie\u010dba, laser terapia.\" \/>\n<meta property=\"og:url\" content=\"https:\/\/www.bonumsalutem.sk\/rehabilitacie\/infuzna-liecba\/\" \/>\n<meta property=\"og:site_name\" content=\"BonumSalutem - rehabilit\u00e1cie\" \/>\n<meta property=\"article:modified_time\" content=\"2023-02-14T13:58:57+00:00\" \/>\n<meta name=\"twitter:card\" content=\"summary_large_image\" \/>\n<meta name=\"twitter:title\" content=\"Rehabilit\u00e1cia - rehabilita\u010dn\u00e9 centrum Bonum Salutem\" \/>\n<meta name=\"twitter:description\" content=\"Rehabilit\u00e1cia - v na\u0161om rehabilita\u010dnom centre sa venujeme r\u00f4znym form\u00e1m rehabilit\u00e1ci\u00ed ako fyzioterapia, elektrolie\u010dba, laser terapia.\" \/>\n<meta name=\"twitter:label1\" content=\"Predpokladan\u00fd \u010das \u010d\u00edtania\" \/>\n\t<meta name=\"twitter:data1\" content=\"1 min\u00fata\" \/>\n<script type=\"application\/ld+json\" class=\"yoast-schema-graph\">{\"@context\":\"https:\/\/schema.org\",\"@graph\":[{\"@type\":\"WebPage\",\"@id\":\"https:\/\/www.bonumsalutem.sk\/rehabilitacie\/infuzna-liecba\/\",\"url\":\"https:\/\/www.bonumsalutem.sk\/rehabilitacie\/infuzna-liecba\/\",\"name\":\"A-PRP LIE\u010cBA - rehabilita\u010dn\u00e9 centrum Bonum Salutem\",\"isPartOf\":{\"@id\":\"https:\/\/www.bonumsalutem.sk\/rehabilitacie\/#website\"},\"datePublished\":\"2023-02-14T13:58:25+00:00\",\"dateModified\":\"2023-02-14T13:58:57+00:00\",\"description\":\"A-PRP lie\u010dba - je inovat\u00edvny sp\u00f4sob \u00fa\u010dinnej a udr\u017eate\u013enej lie\u010dby bolesti k\u013abov. Vyzna\u010duje sa svojou jednoduchou aplik\u00e1ciou.\",\"breadcrumb\":{\"@id\":\"https:\/\/www.bonumsalutem.sk\/rehabilitacie\/infuzna-liecba\/#breadcrumb\"},\"inLanguage\":\"sk-SK\",\"potentialAction\":[{\"@type\":\"ReadAction\",\"target\":[\"https:\/\/www.bonumsalutem.sk\/rehabilitacie\/infuzna-liecba\/\"]}]},{\"@type\":\"BreadcrumbList\",\"@id\":\"https:\/\/www.bonumsalutem.sk\/rehabilitacie\/infuzna-liecba\/#breadcrumb\",\"itemListElement\":[{\"@type\":\"ListItem\",\"position\":1,\"name\":\"Domovsk\u00e1 str\u00e1nka\",\"item\":\"https:\/\/www.bonumsalutem.sk\/rehabilitacie\/\"},{\"@type\":\"ListItem\",\"position\":2,\"name\":\"INF\u00daZNA LIE\u010cBA\"}]},{\"@type\":\"WebSite\",\"@id\":\"https:\/\/www.bonumsalutem.sk\/rehabilitacie\/#website\",\"url\":\"https:\/\/www.bonumsalutem.sk\/rehabilitacie\/\",\"name\":\"BonumSalutem - rehabilit\u00e1cie\",\"description\":\"Rob\u00edme veci tak, aby \u013eudia po stretnut\u00ed s nami mali lep\u0161\u00ed \u017eivot\",\"potentialAction\":[{\"@type\":\"SearchAction\",\"target\":{\"@type\":\"EntryPoint\",\"urlTemplate\":\"https:\/\/www.bonumsalutem.sk\/rehabilitacie\/?s={search_term_string}\"},\"query-input\":{\"@type\":\"PropertyValueSpecification\",\"valueRequired\":true,\"valueName\":\"search_term_string\"}}],\"inLanguage\":\"sk-SK\"}]}<\/script>\n<!-- \/ Yoast SEO plugin. -->","yoast_head_json":{"title":"A-PRP LIE\u010cBA - rehabilita\u010dn\u00e9 centrum Bonum Salutem","description":"A-PRP lie\u010dba - je inovat\u00edvny sp\u00f4sob \u00fa\u010dinnej a udr\u017eate\u013enej lie\u010dby bolesti k\u013abov. Vyzna\u010duje sa svojou jednoduchou aplik\u00e1ciou.","robots":{"index":"index","follow":"follow","max-snippet":"max-snippet:-1","max-image-preview":"max-image-preview:large","max-video-preview":"max-video-preview:-1"},"canonical":"https:\/\/www.bonumsalutem.sk\/rehabilitacie\/infuzna-liecba\/","og_locale":"sk_SK","og_type":"article","og_title":"Rehabilit\u00e1cia - rehabilita\u010dn\u00e9 centrum Bonum Salutem","og_description":"Rehabilit\u00e1cia - v na\u0161om rehabilita\u010dnom centre sa venujeme r\u00f4znym form\u00e1m rehabilit\u00e1ci\u00ed ako fyzioterapia, elektrolie\u010dba, laser terapia.","og_url":"https:\/\/www.bonumsalutem.sk\/rehabilitacie\/infuzna-liecba\/","og_site_name":"BonumSalutem - rehabilit\u00e1cie","article_modified_time":"2023-02-14T13:58:57+00:00","twitter_card":"summary_large_image","twitter_title":"Rehabilit\u00e1cia - rehabilita\u010dn\u00e9 centrum Bonum Salutem","twitter_description":"Rehabilit\u00e1cia - v na\u0161om rehabilita\u010dnom centre sa venujeme r\u00f4znym form\u00e1m rehabilit\u00e1ci\u00ed ako fyzioterapia, elektrolie\u010dba, laser terapia.","twitter_misc":{"Predpokladan\u00fd \u010das \u010d\u00edtania":"1 min\u00fata"},"schema":{"@context":"https:\/\/schema.org","@graph":[{"@type":"WebPage","@id":"https:\/\/www.bonumsalutem.sk\/rehabilitacie\/infuzna-liecba\/","url":"https:\/\/www.bonumsalutem.sk\/rehabilitacie\/infuzna-liecba\/","name":"A-PRP LIE\u010cBA - rehabilita\u010dn\u00e9 centrum Bonum Salutem","isPartOf":{"@id":"https:\/\/www.bonumsalutem.sk\/rehabilitacie\/#website"},"datePublished":"2023-02-14T13:58:25+00:00","dateModified":"2023-02-14T13:58:57+00:00","description":"A-PRP lie\u010dba - je inovat\u00edvny sp\u00f4sob \u00fa\u010dinnej a udr\u017eate\u013enej lie\u010dby bolesti k\u013abov. Vyzna\u010duje sa svojou jednoduchou aplik\u00e1ciou.","breadcrumb":{"@id":"https:\/\/www.bonumsalutem.sk\/rehabilitacie\/infuzna-liecba\/#breadcrumb"},"inLanguage":"sk-SK","potentialAction":[{"@type":"ReadAction","target":["https:\/\/www.bonumsalutem.sk\/rehabilitacie\/infuzna-liecba\/"]}]},{"@type":"BreadcrumbList","@id":"https:\/\/www.bonumsalutem.sk\/rehabilitacie\/infuzna-liecba\/#breadcrumb","itemListElement":[{"@type":"ListItem","position":1,"name":"Domovsk\u00e1 str\u00e1nka","item":"https:\/\/www.bonumsalutem.sk\/rehabilitacie\/"},{"@type":"ListItem","position":2,"name":"INF\u00daZNA LIE\u010cBA"}]},{"@type":"WebSite","@id":"https:\/\/www.bonumsalutem.sk\/rehabilitacie\/#website","url":"https:\/\/www.bonumsalutem.sk\/rehabilitacie\/","name":"BonumSalutem - rehabilit\u00e1cie","description":"Rob\u00edme veci tak, aby \u013eudia po stretnut\u00ed s nami mali lep\u0161\u00ed \u017eivot","potentialAction":[{"@type":"SearchAction","target":{"@type":"EntryPoint","urlTemplate":"https:\/\/www.bonumsalutem.sk\/rehabilitacie\/?s={search_term_string}"},"query-input":{"@type":"PropertyValueSpecification","valueRequired":true,"valueName":"search_term_string"}}],"inLanguage":"sk-SK"}]}},"_links":{"self":[{"href":"https:\/\/www.bonumsalutem.sk\/rehabilitacie\/wp-json\/wp\/v2\/pages\/12443","targetHints":{"allow":["GET"]}}],"collection":[{"href":"https:\/\/www.bonumsalutem.sk\/rehabilitacie\/wp-json\/wp\/v2\/pages"}],"about":[{"href":"https:\/\/www.bonumsalutem.sk\/rehabilitacie\/wp-json\/wp\/v2\/types\/page"}],"author":[{"embeddable":true,"href":"https:\/\/www.bonumsalutem.sk\/rehabilitacie\/wp-json\/wp\/v2\/users\/1"}],"replies":[{"embeddable":true,"href":"https:\/\/www.bonumsalutem.sk\/rehabilitacie\/wp-json\/wp\/v2\/comments?post=12443"}],"version-history":[{"count":2,"href":"https:\/\/www.bonumsalutem.sk\/rehabilitacie\/wp-json\/wp\/v2\/pages\/12443\/revisions"}],"predecessor-version":[{"id":12446,"href":"https:\/\/www.bonumsalutem.sk\/rehabilitacie\/wp-json\/wp\/v2\/pages\/12443\/revisions\/12446"}],"wp:attachment":[{"href":"https:\/\/www.bonumsalutem.sk\/rehabilitacie\/wp-json\/wp\/v2\/media?parent=12443"}],"curies":[{"name":"wp","href":"https:\/\/api.w.org\/{rel}","templated":true}]}}