{"id":11781,"date":"2020-07-12T14:33:06","date_gmt":"2020-07-12T12:33:06","guid":{"rendered":"https:\/\/www.bonumsalutem.sk\/rehabilitacie\/?page_id=11781"},"modified":"2020-07-12T14:33:06","modified_gmt":"2020-07-12T12:33:06","slug":"bc-paulina-grencikova","status":"publish","type":"page","link":"https:\/\/www.bonumsalutem.sk\/rehabilitacie\/nas-tim\/bc-paulina-grencikova\/","title":{"rendered":"Bc. Paul\u00edna Gren\u010d\u00edkov\u00e1"},"content":{"rendered":"<section class=\"l-section wpb_row height_medium\"><div class=\"l-section-h i-cf\"><div class=\"g-cols vc_row via_flex valign_middle type_default stacking_default\"><div class=\"vc_col-sm-6 wpb_column vc_column_container\"><div class=\"vc_column-inner\"><div class=\"wpb_wrapper\"><div class=\"w-image align_none\"><div class=\"w-image-h\"><img decoding=\"async\" width=\"768\" height=\"1024\" data-src=\"https:\/\/www.bonumsalutem.sk\/rehabilitacie\/wp-content\/uploads\/sites\/2\/2020\/07\/IMG_5327-768x1024.jpeg\" class=\"attachment-large size-large lazyload\" alt=\"\" data-srcset=\"https:\/\/www.bonumsalutem.sk\/rehabilitacie\/wp-content\/uploads\/sites\/2\/2020\/07\/IMG_5327-768x1024.jpeg 768w, https:\/\/www.bonumsalutem.sk\/rehabilitacie\/wp-content\/uploads\/sites\/2\/2020\/07\/IMG_5327-225x300.jpeg 225w, https:\/\/www.bonumsalutem.sk\/rehabilitacie\/wp-content\/uploads\/sites\/2\/2020\/07\/IMG_5327-600x800.jpeg 600w, https:\/\/www.bonumsalutem.sk\/rehabilitacie\/wp-content\/uploads\/sites\/2\/2020\/07\/IMG_5327-scaled.jpeg 1536w\" data-sizes=\"auto, (max-width: 768px) 100vw, 768px\" src=\"data:image\/svg+xml;base64,PHN2ZyB3aWR0aD0iMSIgaGVpZ2h0PSIxIiB4bWxucz0iaHR0cDovL3d3dy53My5vcmcvMjAwMC9zdmciPjwvc3ZnPg==\" style=\"--smush-placeholder-width: 768px; --smush-placeholder-aspect-ratio: 768\/1024;\" \/><\/div><\/div><\/div><\/div><\/div><div class=\"vc_col-sm-6 wpb_column vc_column_container\"><div class=\"vc_column-inner\"><div class=\"wpb_wrapper\"><div class=\"wpb_text_column\"><div class=\"wpb_wrapper\"><p><strong><u>Vzdelanie<\/u><\/strong><br \/>\nTren\u010dianska univerzita Alexandra Dub\u010deka v\u00a0Tren\u010d\u00edne, Fakulta zdravotn\u00edctva, \u0161tudijn\u00fd program: fyzioterapia, bakal\u00e1rsky stupe\u0148<\/p>\n<p><strong><u>Odborn\u00e1 prax po\u010das \u0161t\u00fadia<\/u><\/strong><br \/>\nFakultn\u00e1 nemocnica Tren\u010d\u00edn<br \/>\n\u00dastredn\u00e1 vojensk\u00e1 nemocnica SNP Ru\u017eomberok- fakultn\u00e1 nemocnica<br \/>\nSVaLZ, fyziatria, balneol\u00f3gia a\u00a0lie\u010debn\u00e1 rehabilit\u00e1cia MUDr. Miroslav Malay, PhD., Tren\u010d\u00edn<br \/>\nK\u00fapele Tren\u010dianske Teplice<\/p>\n<p><strong><u>Kurzy:<\/u><\/strong><br \/>\nGuasha<br \/>\nBankovanie<br \/>\nSpir\u00e1ln\u00ed stabilizace p\u00e1te\u0159e (A,B)<br \/>\nKinesiotaping<\/p>\n<\/div><\/div><\/div><\/div><\/div><\/div><\/div><\/section>\n","protected":false},"excerpt":{"rendered":"Vzdelanie Tren\u010dianska univerzita Alexandra Dub\u010deka v\u00a0Tren\u010d\u00edne, Fakulta zdravotn\u00edctva, \u0161tudijn\u00fd program: fyzioterapia, bakal\u00e1rsky stupe\u0148 Odborn\u00e1 prax po\u010das \u0161t\u00fadia Fakultn\u00e1 nemocnica Tren\u010d\u00edn \u00dastredn\u00e1 vojensk\u00e1 nemocnica SNP Ru\u017eomberok- fakultn\u00e1 nemocnica SVaLZ, fyziatria, balneol\u00f3gia a\u00a0lie\u010debn\u00e1 rehabilit\u00e1cia MUDr. Miroslav Malay, PhD., Tren\u010d\u00edn K\u00fapele Tren\u010dianske Teplice Kurzy: Guasha Bankovanie Spir\u00e1ln\u00ed stabilizace p\u00e1te\u0159e (A,B) Kinesiotaping","protected":false},"author":1,"featured_media":0,"parent":11779,"menu_order":0,"comment_status":"closed","ping_status":"closed","template":"","meta":{"_acf_changed":false,"footnotes":""},"class_list":["post-11781","page","type-page","status-publish","hentry"],"acf":[],"yoast_head":"<!-- This site is optimized with the Yoast SEO plugin v26.8 - https:\/\/yoast.com\/product\/yoast-seo-wordpress\/ -->\n<title>Bc. Paul\u00edna Gren\u010d\u00edkov\u00e1 - BonumSalutem - rehabilit\u00e1cie<\/title>\n<meta name=\"robots\" content=\"index, follow, max-snippet:-1, max-image-preview:large, max-video-preview:-1\" \/>\n<link rel=\"canonical\" href=\"https:\/\/www.bonumsalutem.sk\/rehabilitacie\/nas-tim\/bc-paulina-grencikova\/\" \/>\n<meta property=\"og:locale\" content=\"sk_SK\" \/>\n<meta property=\"og:type\" content=\"article\" \/>\n<meta property=\"og:title\" content=\"Bc. Paul\u00edna Gren\u010d\u00edkov\u00e1 - BonumSalutem - rehabilit\u00e1cie\" \/>\n<meta property=\"og:url\" content=\"https:\/\/www.bonumsalutem.sk\/rehabilitacie\/nas-tim\/bc-paulina-grencikova\/\" \/>\n<meta property=\"og:site_name\" content=\"BonumSalutem - rehabilit\u00e1cie\" \/>\n<meta name=\"twitter:card\" content=\"summary_large_image\" \/>\n<script type=\"application\/ld+json\" class=\"yoast-schema-graph\">{\"@context\":\"https:\/\/schema.org\",\"@graph\":[{\"@type\":\"WebPage\",\"@id\":\"https:\/\/www.bonumsalutem.sk\/rehabilitacie\/nas-tim\/bc-paulina-grencikova\/\",\"url\":\"https:\/\/www.bonumsalutem.sk\/rehabilitacie\/nas-tim\/bc-paulina-grencikova\/\",\"name\":\"Bc. Paul\u00edna Gren\u010d\u00edkov\u00e1 - BonumSalutem - rehabilit\u00e1cie\",\"isPartOf\":{\"@id\":\"https:\/\/www.bonumsalutem.sk\/rehabilitacie\/#website\"},\"datePublished\":\"2020-07-12T12:33:06+00:00\",\"breadcrumb\":{\"@id\":\"https:\/\/www.bonumsalutem.sk\/rehabilitacie\/nas-tim\/bc-paulina-grencikova\/#breadcrumb\"},\"inLanguage\":\"sk-SK\",\"potentialAction\":[{\"@type\":\"ReadAction\",\"target\":[\"https:\/\/www.bonumsalutem.sk\/rehabilitacie\/nas-tim\/bc-paulina-grencikova\/\"]}]},{\"@type\":\"BreadcrumbList\",\"@id\":\"https:\/\/www.bonumsalutem.sk\/rehabilitacie\/nas-tim\/bc-paulina-grencikova\/#breadcrumb\",\"itemListElement\":[{\"@type\":\"ListItem\",\"position\":1,\"name\":\"Domovsk\u00e1 str\u00e1nka\",\"item\":\"https:\/\/www.bonumsalutem.sk\/rehabilitacie\/\"},{\"@type\":\"ListItem\",\"position\":2,\"name\":\"N\u00e1\u0161 t\u00edm\",\"item\":\"https:\/\/www.bonumsalutem.sk\/rehabilitacie\/nas-tim\/\"},{\"@type\":\"ListItem\",\"position\":3,\"name\":\"Bc. Paul\u00edna Gren\u010d\u00edkov\u00e1\"}]},{\"@type\":\"WebSite\",\"@id\":\"https:\/\/www.bonumsalutem.sk\/rehabilitacie\/#website\",\"url\":\"https:\/\/www.bonumsalutem.sk\/rehabilitacie\/\",\"name\":\"BonumSalutem - rehabilit\u00e1cie\",\"description\":\"Rob\u00edme veci tak, aby \u013eudia po stretnut\u00ed s nami mali lep\u0161\u00ed \u017eivot\",\"potentialAction\":[{\"@type\":\"SearchAction\",\"target\":{\"@type\":\"EntryPoint\",\"urlTemplate\":\"https:\/\/www.bonumsalutem.sk\/rehabilitacie\/?s={search_term_string}\"},\"query-input\":{\"@type\":\"PropertyValueSpecification\",\"valueRequired\":true,\"valueName\":\"search_term_string\"}}],\"inLanguage\":\"sk-SK\"}]}<\/script>\n<!-- \/ Yoast SEO plugin. -->","yoast_head_json":{"title":"Bc. Paul\u00edna Gren\u010d\u00edkov\u00e1 - BonumSalutem - rehabilit\u00e1cie","robots":{"index":"index","follow":"follow","max-snippet":"max-snippet:-1","max-image-preview":"max-image-preview:large","max-video-preview":"max-video-preview:-1"},"canonical":"https:\/\/www.bonumsalutem.sk\/rehabilitacie\/nas-tim\/bc-paulina-grencikova\/","og_locale":"sk_SK","og_type":"article","og_title":"Bc. Paul\u00edna Gren\u010d\u00edkov\u00e1 - BonumSalutem - rehabilit\u00e1cie","og_url":"https:\/\/www.bonumsalutem.sk\/rehabilitacie\/nas-tim\/bc-paulina-grencikova\/","og_site_name":"BonumSalutem - rehabilit\u00e1cie","twitter_card":"summary_large_image","schema":{"@context":"https:\/\/schema.org","@graph":[{"@type":"WebPage","@id":"https:\/\/www.bonumsalutem.sk\/rehabilitacie\/nas-tim\/bc-paulina-grencikova\/","url":"https:\/\/www.bonumsalutem.sk\/rehabilitacie\/nas-tim\/bc-paulina-grencikova\/","name":"Bc. Paul\u00edna Gren\u010d\u00edkov\u00e1 - BonumSalutem - rehabilit\u00e1cie","isPartOf":{"@id":"https:\/\/www.bonumsalutem.sk\/rehabilitacie\/#website"},"datePublished":"2020-07-12T12:33:06+00:00","breadcrumb":{"@id":"https:\/\/www.bonumsalutem.sk\/rehabilitacie\/nas-tim\/bc-paulina-grencikova\/#breadcrumb"},"inLanguage":"sk-SK","potentialAction":[{"@type":"ReadAction","target":["https:\/\/www.bonumsalutem.sk\/rehabilitacie\/nas-tim\/bc-paulina-grencikova\/"]}]},{"@type":"BreadcrumbList","@id":"https:\/\/www.bonumsalutem.sk\/rehabilitacie\/nas-tim\/bc-paulina-grencikova\/#breadcrumb","itemListElement":[{"@type":"ListItem","position":1,"name":"Domovsk\u00e1 str\u00e1nka","item":"https:\/\/www.bonumsalutem.sk\/rehabilitacie\/"},{"@type":"ListItem","position":2,"name":"N\u00e1\u0161 t\u00edm","item":"https:\/\/www.bonumsalutem.sk\/rehabilitacie\/nas-tim\/"},{"@type":"ListItem","position":3,"name":"Bc. Paul\u00edna Gren\u010d\u00edkov\u00e1"}]},{"@type":"WebSite","@id":"https:\/\/www.bonumsalutem.sk\/rehabilitacie\/#website","url":"https:\/\/www.bonumsalutem.sk\/rehabilitacie\/","name":"BonumSalutem - rehabilit\u00e1cie","description":"Rob\u00edme veci tak, aby \u013eudia po stretnut\u00ed s nami mali lep\u0161\u00ed \u017eivot","potentialAction":[{"@type":"SearchAction","target":{"@type":"EntryPoint","urlTemplate":"https:\/\/www.bonumsalutem.sk\/rehabilitacie\/?s={search_term_string}"},"query-input":{"@type":"PropertyValueSpecification","valueRequired":true,"valueName":"search_term_string"}}],"inLanguage":"sk-SK"}]}},"_links":{"self":[{"href":"https:\/\/www.bonumsalutem.sk\/rehabilitacie\/wp-json\/wp\/v2\/pages\/11781","targetHints":{"allow":["GET"]}}],"collection":[{"href":"https:\/\/www.bonumsalutem.sk\/rehabilitacie\/wp-json\/wp\/v2\/pages"}],"about":[{"href":"https:\/\/www.bonumsalutem.sk\/rehabilitacie\/wp-json\/wp\/v2\/types\/page"}],"author":[{"embeddable":true,"href":"https:\/\/www.bonumsalutem.sk\/rehabilitacie\/wp-json\/wp\/v2\/users\/1"}],"replies":[{"embeddable":true,"href":"https:\/\/www.bonumsalutem.sk\/rehabilitacie\/wp-json\/wp\/v2\/comments?post=11781"}],"version-history":[{"count":1,"href":"https:\/\/www.bonumsalutem.sk\/rehabilitacie\/wp-json\/wp\/v2\/pages\/11781\/revisions"}],"predecessor-version":[{"id":11782,"href":"https:\/\/www.bonumsalutem.sk\/rehabilitacie\/wp-json\/wp\/v2\/pages\/11781\/revisions\/11782"}],"up":[{"embeddable":true,"href":"https:\/\/www.bonumsalutem.sk\/rehabilitacie\/wp-json\/wp\/v2\/pages\/11779"}],"wp:attachment":[{"href":"https:\/\/www.bonumsalutem.sk\/rehabilitacie\/wp-json\/wp\/v2\/media?parent=11781"}],"curies":[{"name":"wp","href":"https:\/\/api.w.org\/{rel}","templated":true}]}}